{"id":1284,"date":"2021-10-21T11:33:33","date_gmt":"2021-10-21T09:33:33","guid":{"rendered":"https:\/\/www.079gin.com\/bedingungen-und-konditionen\/"},"modified":"2021-12-01T07:33:20","modified_gmt":"2021-12-01T06:33:20","slug":"bedingungen-und-konditionen","status":"publish","type":"page","link":"https:\/\/www.079gin.com\/de\/bedingungen-und-konditionen\/","title":{"rendered":"Bedingungen und Konditionen"},"content":{"rendered":"[vc_row][vc_column][vc_empty_space height=&#8220;60px&#8220;]<h1 class=\"vcex-module vcex-heading wpex-text-2xl wpex-font-normal wpex-m-auto wpex-max-w-100 vcex-heading-plain wpex-block\"><span class=\"vcex-heading-inner wpex-inline-block wpex-clr\">Bedingungen und Konditionen<\/span><\/h1>[\/vc_column][\/vc_row][vc_row][vc_column][vc_column_text]\n<h5>1. Allgemeine Liefer- und Zahlungsbedingungen<\/h5>\n<p>Alle Auftr\u00e4ge werden zu den nachstehenden Bedingungen ausgef\u00fchrt. Sofern nicht anders angegeben, wird davon ausgegangen, dass diese Bedingungen verstanden und akzeptiert werden. Abweichungen von diesen Verkaufs- und Zahlungsbedingungen sind nur in schriftlicher Form g\u00fcltig.<\/p>\n<p>Unsere alkoholischen Getr\u00e4nke werden nur an vollj\u00e4hrige Kunden ab 18 Jahren verkauft.<\/p>\n<h5>2. Angebote, Unterlagen, Bezeichnungen<\/h5>\n<p>Alle in Katalogen, Angeboten und Bezeichnungen angegebenen Ma\u00dfe, Gewichte, Leistungsdaten und Abbildungen sind unverbindlich. \u00c4nderungen behalten wir uns jederzeit vor.<\/p>\n<h5>3. Preise<\/h5>\n<p>Die Preise verstehen sich freibleibend, rein netto, inklusive Schweizer Mehrwertsteuer oder andere Abgaben, unverpackt, unversichert, ab Zollikofen \/ Schweiz.<\/p>\n<h5>4. Bestellungen<\/h5>\n<p>Bestellungen gelten als verbindlich und k\u00f6nnen nur noch am gleichen Tag storniert werden. Bei Lieferverz\u00f6gerungen oder -hindernissen werden Sie so schnell wie m\u00f6glich per E-Mail informiert. Die Verf\u00fcgbarkeit der angebotenen Artikel bleibt vorbehalten. Beanstandungen m\u00fcssen unter Angabe der Lieferschein- oder Rechnungsnummer innerhalb von 8 Tagen nach Erhalt der Ware erfolgen. Andernfalls gilt die Lieferung als angenommen.<\/p>\n<h5>5. Lieferfristen<\/h5>\n<p>Liefertermine f\u00fcr Produkte werden schriftlich best\u00e4tigt. Je nach Lieferort k\u00f6nnen die Liefertermine von den angegebenen Fristen abweichen und werden nach bestem Ermessen angegeben. Bei \u00dcberschreitung der vereinbarten Lieferfrist \u00fcbernehmen wir keine Haftung, auch nicht f\u00fcr eventuelle Folgesch\u00e4den. Ein Lieferverzug gibt dem Kunden weder das Recht auf R\u00fccktritt noch auf Schadenersatz.<\/p>\n<h5>6. Eigentumsvorbehalt<\/h5>\n<p>Die Ware bleibt bis zur vollst\u00e4ndigen Begleichung der Rechnung Eigentum des Verk\u00e4ufers. Alle Risiken im Zusammenhang mit den gelieferten Waren gehen jedoch ab dem Versandort auf den K\u00e4ufer \u00fcber.<\/p>\n<h5>7. Versand<\/h5>\n<p>Die Versandkosten h\u00e4ngen vom Lieferort und der Transportart ab und sind bei der Bestellung innerhalb der Schweiz ersichtlich. Versandkosten f\u00fcr die Europ\u00e4ische Union oder Weltweit sind anzufragen.<\/p>\n<h5>8. Haftung<\/h5>\n<p>Die Firma 079gin.com haftet nicht f\u00fcr Sch\u00e4den, die dem K\u00e4ufer durch die Benutzung oder den Betrieb des gekauften Artikels entstehen. 079gin.com \u00fcbernimmt keine Haftung f\u00fcr entgangenen Gewinn, indirekte oder mittelbare Sch\u00e4den, die dem K\u00e4ufer oder Dritten entstehen k\u00f6nnen.<\/p>\n<h5>9. Zahlungsbedingungen<\/h5>\n<p>Wenn nichts anderes vereinbart wurde, werden Zahlung mittels Kreditkarten, PayPal, Twint oder per \u00dcberweisung (Vorauszahlung) auf unser Schweizer Bankkonto akzeptiert.<\/p>\n<h5>10. Recht auf R\u00fccktritt<\/h5>\n<p>Das Schweizer Recht sieht keine R\u00fcckgabefrist oder ein sonstiges R\u00fcckgaberecht vor, nachdem Sie die Bestellung abgeschickt haben. Wir gew\u00e4hren Ihnen jedoch ein R\u00fccktrittsrecht innerhalb von 48 Stunden nach Ihrer Zahlung, sofern Ihre Bestellung noch nicht an Sie versandt worden ist.<\/p>\n<p>Die Stornierung ist zu richten an:<br \/>\nSchwab Consulting GmbH<br \/>\nBachtelenmattweg 17<br \/>\n3049 S\u00e4riswil<\/p>\n<h5>11. Folgen des Widerrufs<\/h5>\n<p>Im Falle eines wirksamen Widerrufs sind die beiderseits empfangenen Leistungen zur\u00fcckzugew\u00e4hren und ggf. gezogene Nutzungen herauszugeben. Kann der K\u00e4ufer die empfangene Leistung ganz oder teilweise nicht oder nur in verschlechtertem Zustand zur\u00fcckgew\u00e4hren, muss der K\u00e4ufer insoweit ggf. Wertersatz leisten.<\/p>\n<h5>12. Besondere Hinweise<\/h5>\n<p>Ihr Widerrufsrecht erlischt vorzeitig, wenn der Vertrag von beiden Seiten auf Ihren ausdr\u00fccklichen Wunsch vollst\u00e4ndig erf\u00fcllt ist, bevor Sie Ihr Widerrufsrecht ausge\u00fcbt haben.<\/p>\n<h5>13. Bilder<\/h5>\n<p>Alle auf dieser Website verwendeten Bilder sind urheberrechtlich gesch\u00fctzt und d\u00fcrfen nicht ohne die schriftliche Zustimmung von 079gin.com verwendet werden.<\/p>\n<h5>14. Sicherheit und Datenschutz<\/h5>\n<p>Personenbezogene Daten werden verschl\u00fcsselt \u00fcbertragen. Eine Weitergabe an Dritte kann erfolgen.<\/p>\n<h5>15. Gewerbliche Schutzrechte, Werkzeuge, Vertraulichkeit<\/h5>\n<p>An von uns Kunden, Lieferanten oder Drittfirmen zur Verf\u00fcgung gestellten Formularen, Mustern, Abbildungen, technischen Unterlagen, Kostenvoranschl\u00e4gen oder Angeboten behalten wir uns das Eigentum und alle gewerblichen Schutzrechte und Urheberrechte vor. Der Kunde oder Lieferant darf sie nur in der mit 079gin.com vereinbarten Weise verwenden. Ohne unsere schriftliche Zustimmung d\u00fcrfen die Vertragsgegenst\u00e4nde von Kunden, Lieferanten oder Drittfirmen nicht selbst hergestellt oder von anderen Herstellern kopiert werden. Liefern wir Produkte nach vom Kunden \u00fcbergebenen Zeichnungen, Modellen und Mustern, so haftet unser Kunde daf\u00fcr, dass durch die Herstellung und Lieferung gewerbliche Schutzrechte und sonstige Rechte Dritter nicht verletzt werden. Im Falle einer Verletzung haftet er unmittelbar f\u00fcr alle daraus entstehenden Sch\u00e4den.<\/p>\n<h5>Allgemeine Bestimmungen<\/h5>\n<p>\u00c4nderungen und Erg\u00e4nzungen dieser Allgemeinen Gesch\u00e4ftsbedingungen bed\u00fcrfen der Schriftform. 079gin.com beh\u00e4lt sich das Recht vor, die Allgemeinen Gesch\u00e4ftsbedingungen jederzeit zu \u00e4ndern oder zu erg\u00e4nzen.<\/p>\n<h5>Gerichtsstand<\/h5>\n<p>Gerichtsstand und Erf\u00fcllungsort ist Bern. Es gilt Schweizer Recht.<\/p>\n<p>CH-Bern, 15. Oktober 2021<\/p>\n<h5>Postanschrift<\/h5>\n<p>Schwab Consulting GmbH<br \/>\nBachtelenmattweg 17<br \/>\n3049 S\u00e4riswil<\/p>\n<h5>Telefon<\/h5>\n<p>+41 (0)79 277 53 30<\/p>\n<h5>E-Mail<\/h5>\n<p><a href=\"mailto:info@079gin.com\">info@079gin.com<\/a>[\/vc_column_text][\/vc_column][\/vc_row]\n","protected":false},"excerpt":{"rendered":"<p>[vc_row][vc_column][vc_empty_space height=&#8220;60px&#8220;][\/vc_column][\/vc_row][vc_row][vc_column][vc_column_text] 1. Allgemeine Liefer- und Zahlungsbedingungen Alle Auftr\u00e4ge werden zu den nachstehenden Bedingungen ausgef\u00fchrt. Sofern nicht anders angegeben, wird davon ausgegangen, dass diese Bedingungen verstanden und akzeptiert werden. Abweichungen von diesen Verkaufs- und Zahlungsbedingungen sind nur in schriftlicher Form&hellip;<\/p>\n","protected":false},"author":6,"featured_media":0,"parent":0,"menu_order":0,"comment_status":"closed","ping_status":"closed","template":"","meta":{"inline_featured_image":false,"footnotes":""},"class_list":["post-1284","page","type-page","status-publish","hentry","entry","no-media"],"yoast_head":"<!-- This site is optimized with the Yoast SEO plugin v27.5 - https:\/\/yoast.com\/product\/yoast-seo-wordpress\/ -->\n<title>Bedingungen und Konditionen - 079 Gin<\/title>\n<meta name=\"robots\" content=\"index, follow, max-snippet:-1, max-image-preview:large, max-video-preview:-1\" \/>\n<link rel=\"canonical\" href=\"https:\/\/www.079gin.com\/de\/bedingungen-und-konditionen\/\" \/>\n<meta property=\"og:locale\" content=\"de_DE\" \/>\n<meta property=\"og:type\" content=\"article\" \/>\n<meta property=\"og:title\" content=\"Bedingungen und Konditionen - 079 Gin\" \/>\n<meta property=\"og:description\" content=\"[vc_row][vc_column][vc_empty_space height=&#8220;60px&#8220;][\/vc_column][\/vc_row][vc_row][vc_column][vc_column_text] 1. Allgemeine Liefer- und Zahlungsbedingungen Alle Auftr\u00e4ge werden zu den nachstehenden Bedingungen ausgef\u00fchrt. Sofern nicht anders angegeben, wird davon ausgegangen, dass diese Bedingungen verstanden und akzeptiert werden. Abweichungen von diesen Verkaufs- und Zahlungsbedingungen sind nur in schriftlicher Form&hellip;\" \/>\n<meta property=\"og:url\" content=\"https:\/\/www.079gin.com\/de\/bedingungen-und-konditionen\/\" \/>\n<meta property=\"og:site_name\" content=\"079 Gin\" \/>\n<meta property=\"article:modified_time\" content=\"2021-12-01T06:33:20+00:00\" \/>\n<meta name=\"twitter:card\" content=\"summary_large_image\" \/>\n<meta name=\"twitter:label1\" content=\"Gesch\u00e4tzte Lesezeit\" \/>\n\t<meta name=\"twitter:data1\" content=\"3\u00a0Minuten\" \/>\n<script type=\"application\/ld+json\" class=\"yoast-schema-graph\">{\"@context\":\"https:\\\/\\\/schema.org\",\"@graph\":[{\"@type\":\"WebPage\",\"@id\":\"https:\\\/\\\/www.079gin.com\\\/de\\\/bedingungen-und-konditionen\\\/\",\"url\":\"https:\\\/\\\/www.079gin.com\\\/de\\\/bedingungen-und-konditionen\\\/\",\"name\":\"Bedingungen und Konditionen - 079 Gin\",\"isPartOf\":{\"@id\":\"https:\\\/\\\/www.079gin.com\\\/de\\\/#website\"},\"datePublished\":\"2021-10-21T09:33:33+00:00\",\"dateModified\":\"2021-12-01T06:33:20+00:00\",\"breadcrumb\":{\"@id\":\"https:\\\/\\\/www.079gin.com\\\/de\\\/bedingungen-und-konditionen\\\/#breadcrumb\"},\"inLanguage\":\"de\",\"potentialAction\":[{\"@type\":\"ReadAction\",\"target\":[\"https:\\\/\\\/www.079gin.com\\\/de\\\/bedingungen-und-konditionen\\\/\"]}]},{\"@type\":\"BreadcrumbList\",\"@id\":\"https:\\\/\\\/www.079gin.com\\\/de\\\/bedingungen-und-konditionen\\\/#breadcrumb\",\"itemListElement\":[{\"@type\":\"ListItem\",\"position\":1,\"name\":\"Home\",\"item\":\"https:\\\/\\\/www.079gin.com\\\/de\\\/\"},{\"@type\":\"ListItem\",\"position\":2,\"name\":\"Bedingungen und Konditionen\"}]},{\"@type\":\"WebSite\",\"@id\":\"https:\\\/\\\/www.079gin.com\\\/de\\\/#website\",\"url\":\"https:\\\/\\\/www.079gin.com\\\/de\\\/\",\"name\":\"079 Gin\",\"description\":\"\",\"publisher\":{\"@id\":\"https:\\\/\\\/www.079gin.com\\\/de\\\/#organization\"},\"potentialAction\":[{\"@type\":\"SearchAction\",\"target\":{\"@type\":\"EntryPoint\",\"urlTemplate\":\"https:\\\/\\\/www.079gin.com\\\/de\\\/?s={search_term_string}\"},\"query-input\":{\"@type\":\"PropertyValueSpecification\",\"valueRequired\":true,\"valueName\":\"search_term_string\"}}],\"inLanguage\":\"de\"},{\"@type\":\"Organization\",\"@id\":\"https:\\\/\\\/www.079gin.com\\\/de\\\/#organization\",\"name\":\"079 Gin\",\"url\":\"https:\\\/\\\/www.079gin.com\\\/de\\\/\",\"logo\":{\"@type\":\"ImageObject\",\"inLanguage\":\"de\",\"@id\":\"https:\\\/\\\/www.079gin.com\\\/de\\\/#\\\/schema\\\/logo\\\/image\\\/\",\"url\":\"https:\\\/\\\/www.079gin.com\\\/wp-content\\\/uploads\\\/2021\\\/09\\\/the079collection-logo.png\",\"contentUrl\":\"https:\\\/\\\/www.079gin.com\\\/wp-content\\\/uploads\\\/2021\\\/09\\\/the079collection-logo.png\",\"width\":565,\"height\":80,\"caption\":\"079 Gin\"},\"image\":{\"@id\":\"https:\\\/\\\/www.079gin.com\\\/de\\\/#\\\/schema\\\/logo\\\/image\\\/\"}}]}<\/script>\n<!-- \/ Yoast SEO plugin. -->","yoast_head_json":{"title":"Bedingungen und Konditionen - 079 Gin","robots":{"index":"index","follow":"follow","max-snippet":"max-snippet:-1","max-image-preview":"max-image-preview:large","max-video-preview":"max-video-preview:-1"},"canonical":"https:\/\/www.079gin.com\/de\/bedingungen-und-konditionen\/","og_locale":"de_DE","og_type":"article","og_title":"Bedingungen und Konditionen - 079 Gin","og_description":"[vc_row][vc_column][vc_empty_space height=&#8220;60px&#8220;][\/vc_column][\/vc_row][vc_row][vc_column][vc_column_text] 1. Allgemeine Liefer- und Zahlungsbedingungen Alle Auftr\u00e4ge werden zu den nachstehenden Bedingungen ausgef\u00fchrt. Sofern nicht anders angegeben, wird davon ausgegangen, dass diese Bedingungen verstanden und akzeptiert werden. Abweichungen von diesen Verkaufs- und Zahlungsbedingungen sind nur in schriftlicher Form&hellip;","og_url":"https:\/\/www.079gin.com\/de\/bedingungen-und-konditionen\/","og_site_name":"079 Gin","article_modified_time":"2021-12-01T06:33:20+00:00","twitter_card":"summary_large_image","twitter_misc":{"Gesch\u00e4tzte Lesezeit":"3\u00a0Minuten"},"schema":{"@context":"https:\/\/schema.org","@graph":[{"@type":"WebPage","@id":"https:\/\/www.079gin.com\/de\/bedingungen-und-konditionen\/","url":"https:\/\/www.079gin.com\/de\/bedingungen-und-konditionen\/","name":"Bedingungen und Konditionen - 079 Gin","isPartOf":{"@id":"https:\/\/www.079gin.com\/de\/#website"},"datePublished":"2021-10-21T09:33:33+00:00","dateModified":"2021-12-01T06:33:20+00:00","breadcrumb":{"@id":"https:\/\/www.079gin.com\/de\/bedingungen-und-konditionen\/#breadcrumb"},"inLanguage":"de","potentialAction":[{"@type":"ReadAction","target":["https:\/\/www.079gin.com\/de\/bedingungen-und-konditionen\/"]}]},{"@type":"BreadcrumbList","@id":"https:\/\/www.079gin.com\/de\/bedingungen-und-konditionen\/#breadcrumb","itemListElement":[{"@type":"ListItem","position":1,"name":"Home","item":"https:\/\/www.079gin.com\/de\/"},{"@type":"ListItem","position":2,"name":"Bedingungen und Konditionen"}]},{"@type":"WebSite","@id":"https:\/\/www.079gin.com\/de\/#website","url":"https:\/\/www.079gin.com\/de\/","name":"079 Gin","description":"","publisher":{"@id":"https:\/\/www.079gin.com\/de\/#organization"},"potentialAction":[{"@type":"SearchAction","target":{"@type":"EntryPoint","urlTemplate":"https:\/\/www.079gin.com\/de\/?s={search_term_string}"},"query-input":{"@type":"PropertyValueSpecification","valueRequired":true,"valueName":"search_term_string"}}],"inLanguage":"de"},{"@type":"Organization","@id":"https:\/\/www.079gin.com\/de\/#organization","name":"079 Gin","url":"https:\/\/www.079gin.com\/de\/","logo":{"@type":"ImageObject","inLanguage":"de","@id":"https:\/\/www.079gin.com\/de\/#\/schema\/logo\/image\/","url":"https:\/\/www.079gin.com\/wp-content\/uploads\/2021\/09\/the079collection-logo.png","contentUrl":"https:\/\/www.079gin.com\/wp-content\/uploads\/2021\/09\/the079collection-logo.png","width":565,"height":80,"caption":"079 Gin"},"image":{"@id":"https:\/\/www.079gin.com\/de\/#\/schema\/logo\/image\/"}}]}},"_links":{"self":[{"href":"https:\/\/www.079gin.com\/de\/wp-json\/wp\/v2\/pages\/1284","targetHints":{"allow":["GET"]}}],"collection":[{"href":"https:\/\/www.079gin.com\/de\/wp-json\/wp\/v2\/pages"}],"about":[{"href":"https:\/\/www.079gin.com\/de\/wp-json\/wp\/v2\/types\/page"}],"author":[{"embeddable":true,"href":"https:\/\/www.079gin.com\/de\/wp-json\/wp\/v2\/users\/6"}],"replies":[{"embeddable":true,"href":"https:\/\/www.079gin.com\/de\/wp-json\/wp\/v2\/comments?post=1284"}],"version-history":[{"count":0,"href":"https:\/\/www.079gin.com\/de\/wp-json\/wp\/v2\/pages\/1284\/revisions"}],"wp:attachment":[{"href":"https:\/\/www.079gin.com\/de\/wp-json\/wp\/v2\/media?parent=1284"}],"curies":[{"name":"wp","href":"https:\/\/api.w.org\/{rel}","templated":true}]}}