{"id":2335,"date":"2022-02-09T08:48:37","date_gmt":"2022-02-09T07:48:37","guid":{"rendered":"https:\/\/www.079gin.com\/?page_id=2335"},"modified":"2022-02-09T08:48:37","modified_gmt":"2022-02-09T07:48:37","slug":"ueber-079gin","status":"publish","type":"page","link":"https:\/\/www.079gin.com\/de\/ueber-079gin\/","title":{"rendered":"\u00dcber 079gin"},"content":{"rendered":"[vc_row full_width=&#8220;stretch_row_content_no_spaces&#8220; remove_bottom_col_margin=&#8220;true&#8220; css=&#8220;.vc_custom_1632997381658{background-image: url(https:\/\/www.079gin.com\/wp-content\/uploads\/2021\/09\/metallic-line.jpg?id=529) !important;background-position: center !important;background-repeat: no-repeat !important;background-size: cover !important;}&#8220; min_height=&#8220;20px&#8220;][vc_column][\/vc_column][\/vc_row][vc_row full_width=&#8220;stretch_row_content&#8220; content_placement=&#8220;middle&#8220; remove_bottom_col_margin=&#8220;true&#8220; wpex_post_thumbnail_bg=&#8220;true&#8220; wpex_fixed_bg=&#8220;fixed&#8220; css=&#8220;.vc_custom_1636126451659{background-image: url(https:\/\/www.079gin.com\/wp-content\/uploads\/2021\/10\/Mandala-main4.jpg?id=1047) !important;background-position: center !important;background-repeat: no-repeat !important;background-size: cover !important;}&#8220; wpex_bg_position=&#8220;top center&#8220;][vc_column offset=&#8220;vc_hidden-md vc_hidden-sm vc_hidden-xs&#8220;][vc_empty_space height=&#8220;50px&#8220;][vc_row_inner][vc_column_inner width=&#8220;1\/5&#8243;][\/vc_column_inner][vc_column_inner width=&#8220;1\/5&#8243;][\/vc_column_inner][vc_column_inner width=&#8220;1\/5&#8243; offset=&#8220;vc_hidden-xs&#8220;]<figure class=\"vcex-image vcex-module wpex-clr textcenter\"><div class=\"vcex-image-inner wpex-inline-block wpex-relative vc_custom_1636381911612\"><img decoding=\"async\" width=\"9999\" loading=\"lazy\" class=\"wpex-align-middle\" src=\"https:\/\/www.079gin.com\/wp-content\/uploads\/2021\/11\/karte-text-38.svg\" alt=\"\" height=\"1\" \/><\/div><\/figure>[\/vc_column_inner][vc_column_inner width=&#8220;1\/5&#8243;][\/vc_column_inner][vc_column_inner width=&#8220;1\/5&#8243;][\/vc_column_inner][\/vc_row_inner][vc_row_inner][vc_column_inner width=&#8220;1\/6&#8243;][\/vc_column_inner][vc_column_inner width=&#8220;2\/3&#8243;][vc_empty_space][vc_column_text color=&#8220;#b2b2b2&#8243;]\n<p class=\"chalk\" style=\"text-align: center;\"><strong>Auf der Karte unten siehst du, woher wir die Botanicals beziehen, welche wir f\u00fcr die Herstellung unserer 079 Gin Collection verwenden.<\/strong><\/p>\n[\/vc_column_text][vc_column_text color=&#8220;#cca330&#8243; text_align=&#8220;center&#8220;]\n<p class=\"karma\" style=\"font-size: 30px; line-height: 32px;\">Bosnien,\u00a0Ghana,\u00a0Italien,\u00a0Belgien,\u00a0Thailand, S\u00fcdafrika<\/p>\n[\/vc_column_text][vc_empty_space][\/vc_column_inner][vc_column_inner width=&#8220;1\/6&#8243;][\/vc_column_inner][\/vc_row_inner][vc_row_inner][vc_column_inner width=&#8220;1\/6&#8243;][\/vc_column_inner][vc_column_inner width=&#8220;2\/3&#8243; css=&#8220;.vc_custom_1636450175194{padding-right: 70px !important;padding-left: 70px !important;}&#8220;]<figure class=\"vcex-image vcex-module wpex-clr textcenter\"><div class=\"vcex-image-inner wpex-inline-block wpex-relative\"><a href=\"https:\/\/www.079gin.com\/wp-content\/uploads\/2021\/10\/map-black-withtext-de2-1.png\" class=\"wpex-lightbox\"><img decoding=\"async\" loading=\"lazy\" class=\"wpex-align-middle\" src=\"https:\/\/www.079gin.com\/wp-content\/uploads\/2021\/10\/map-black-withtext-de2-1.png\" alt=\"Map Black Withtext De2\" width=\"1500\" height=\"831\" \/><\/a><\/div><\/figure>[\/vc_column_inner][vc_column_inner width=&#8220;1\/6&#8243;][\/vc_column_inner][\/vc_row_inner][vc_row_inner][vc_column_inner offset=&#8220;vc_hidden-sm vc_hidden-xs&#8220;][vc_empty_space height=&#8220;50px&#8220;][\/vc_column_inner][\/vc_row_inner][\/vc_column][\/vc_row][vc_row full_width=&#8220;stretch_row_content&#8220; content_placement=&#8220;middle&#8220; remove_bottom_col_margin=&#8220;true&#8220; wpex_post_thumbnail_bg=&#8220;true&#8220; css=&#8220;.vc_custom_1636118463921{background-image: url(https:\/\/www.079gin.com\/wp-content\/uploads\/2021\/10\/Mandala-main4.jpg?id=1047) !important;background-position: center !important;background-repeat: no-repeat !important;background-size: cover !important;}&#8220; wpex_bg_position=&#8220;top center&#8220;][vc_column offset=&#8220;vc_hidden-lg&#8220;][vc_empty_space height=&#8220;100px&#8220;][vc_row_inner][vc_column_inner width=&#8220;1\/4&#8243;][\/vc_column_inner][vc_column_inner width=&#8220;1\/2&#8243;]<figure class=\"vcex-image vcex-module wpex-clr textcenter\"><div class=\"vcex-image-inner wpex-inline-block wpex-relative vc_custom_1636382116126\"><img decoding=\"async\" width=\"9999\" loading=\"lazy\" class=\"wpex-align-middle\" src=\"https:\/\/www.079gin.com\/wp-content\/uploads\/2021\/11\/karte-text-38.svg\" alt=\"\" height=\"1\" \/><\/div><\/figure>[\/vc_column_inner][vc_column_inner width=&#8220;1\/4&#8243; css=&#8220;.vc_custom_1636118828706{padding-right: 50px !important;padding-left: 50px !important;}&#8220;][\/vc_column_inner][\/vc_row_inner][vc_row_inner remove_bottom_col_margin=&#8220;true&#8220;][vc_column_inner width=&#8220;1\/6&#8243;][\/vc_column_inner][vc_column_inner width=&#8220;2\/3&#8243;][vc_empty_space][vc_column_text color=&#8220;#b2b2b2&#8243;]\n<p class=\"chalk\" style=\"text-align: center;\"><strong>Auf der Karte unten siehst du, woher wir die Botanicals beziehen, welche wir f\u00fcr die Herstellung unserer 079 Gin Collection verwenden.<\/strong><\/p>\n[\/vc_column_text][vc_column_text color=&#8220;#cca330&#8243; text_align=&#8220;center&#8220;]\n<p class=\"karma\" style=\"font-size: 30px; line-height: 32px;\">Bosnien,\u00a0Ghana,\u00a0Italien,\u00a0Belgien,\u00a0Thailand, S\u00fcdafrika<\/p>\n[\/vc_column_text][vc_empty_space height=&#8220;20px&#8220;][\/vc_column_inner][vc_column_inner width=&#8220;1\/6&#8243;][\/vc_column_inner][\/vc_row_inner][vc_row_inner css=&#8220;.vc_custom_1636121957312{background-position: center !important;background-repeat: no-repeat !important;background-size: cover !important;}&#8220;][vc_column_inner offset=&#8220;vc_hidden-lg vc_hidden-xs&#8220;]<figure class=\"vcex-image vcex-module wpex-clr textcenter\"><div class=\"vcex-image-inner wpex-inline-block wpex-relative\"><a href=\"https:\/\/www.079gin.com\/wp-content\/uploads\/2021\/10\/map-black-withtext-de2-1.png\" class=\"wpex-lightbox\"><img decoding=\"async\" loading=\"lazy\" class=\"wpex-align-middle\" src=\"https:\/\/www.079gin.com\/wp-content\/uploads\/2021\/10\/map-black-withtext-de2-1.png\" alt=\"Map Black Withtext De2\" width=\"1500\" height=\"831\" \/><\/a><\/div><\/figure>[\/vc_column_inner][\/vc_row_inner][vc_row_inner css=&#8220;.vc_custom_1636121957312{background-position: center !important;background-repeat: no-repeat !important;background-size: cover !important;}&#8220;][vc_column_inner offset=&#8220;vc_hidden-lg vc_hidden-md vc_hidden-sm&#8220;]<figure class=\"vcex-image vcex-module wpex-clr textcenter\"><div class=\"vcex-image-inner wpex-inline-block wpex-relative\"><a href=\"https:\/\/www.079gin.com\/wp-content\/uploads\/2021\/11\/map-black-mobile-de.png\" class=\"wpex-lightbox\"><img decoding=\"async\" loading=\"lazy\" class=\"wpex-align-middle\" src=\"https:\/\/www.079gin.com\/wp-content\/uploads\/2021\/11\/map-black-mobile-de.png\" alt=\"Map Black Mobile De\" width=\"856\" height=\"904\" \/><\/a><\/div><\/figure>[\/vc_column_inner][\/vc_row_inner][vc_empty_space height=&#8220;90px&#8220;][\/vc_column][\/vc_row][vc_row full_width=&#8220;stretch_row_content_no_spaces&#8220; remove_bottom_col_margin=&#8220;true&#8220; css=&#8220;.vc_custom_1632997381658{background-image: url(https:\/\/www.079gin.com\/wp-content\/uploads\/2021\/09\/metallic-line.jpg?id=529) !important;background-position: center !important;background-repeat: no-repeat !important;background-size: cover !important;}&#8220; min_height=&#8220;20px&#8220;][vc_column][\/vc_column][\/vc_row][vc_row full_width=&#8220;stretch_row_content&#8220; content_placement=&#8220;middle&#8220; remove_bottom_col_margin=&#8220;true&#8220; wpex_post_thumbnail_bg=&#8220;true&#8220; wpex_fixed_bg=&#8220;fixed&#8220; css=&#8220;.vc_custom_1636126459950{background-image: url(https:\/\/www.079gin.com\/wp-content\/uploads\/2021\/11\/Mandala-map-background3.jpg?id=1832) !important;background-position: center !important;background-repeat: no-repeat !important;background-size: cover !important;}&#8220; wpex_bg_position=&#8220;top center&#8220;][vc_column offset=&#8220;vc_hidden-md vc_hidden-sm vc_hidden-xs&#8220;][vc_row_inner][vc_column_inner offset=&#8220;vc_hidden-sm vc_hidden-xs&#8220;][vc_empty_space height=&#8220;180px&#8220;][\/vc_column_inner][\/vc_row_inner][vc_row_inner][vc_column_inner width=&#8220;1\/5&#8243;][\/vc_column_inner][vc_column_inner width=&#8220;1\/5&#8243;][\/vc_column_inner][vc_column_inner width=&#8220;1\/5&#8243;]<figure class=\"vcex-image vcex-module wpex-clr textcenter\"><div class=\"vcex-image-inner wpex-inline-block wpex-relative vc_custom_1636381963088\"><img decoding=\"async\" width=\"9999\" loading=\"lazy\" class=\"wpex-align-middle\" src=\"https:\/\/www.079gin.com\/wp-content\/uploads\/2021\/09\/botanicals.svg\" alt=\"Botanicals\" height=\"1\" \/><\/div><\/figure>[\/vc_column_inner][vc_column_inner width=&#8220;1\/5&#8243;][\/vc_column_inner][vc_column_inner width=&#8220;1\/5&#8243;][\/vc_column_inner][\/vc_row_inner][vc_empty_space][vc_row_inner remove_bottom_col_margin=&#8220;true&#8220;][vc_column_inner width=&#8220;1\/4&#8243;][\/vc_column_inner][vc_column_inner width=&#8220;1\/2&#8243;][vc_column_text color=&#8220;#b2b2b2&#8243; css=&#8220;.vc_custom_1636205253589{padding-top: 25px !important;padding-right: 25px !important;padding-bottom: 25px !important;padding-left: 25px !important;background-color: rgba(0,0,0,0.54) !important;*background-color: rgb(0,0,0) !important;}&#8220; text_align=&#8220;center&#8220;]\n<p class=\"chalk\">Afrikanischer Ingwer \/ Afrikanischer Salbei \/ Angelikawurzel \/ Blaue Klitorie \/ Buchu \/ Hagenbutte \/ Kap-Kamille \/ Kap-Schneestrauch \/ Kardamom \/ Konfettibusch \/ Koriander \/ Limettenbl\u00e4tter \/ Lorbeerbl\u00e4tter \/ Orangenschale \/ Paradiesk\u00f6rner \/ Rosengeranie \/ Wacholder \/ Zitronenschale<\/p>\n<p class=\"chalk\">Die dreizehn Fynbos-Botanicals, welche wir f\u00fcr unsere Gins verwenden, wachsen in den Winterhoek Bergen und am Cape Point in der N\u00e4he von Kapstadt, S\u00fcdafrika. Sie werden kurz vor der Destillation von Hand gepfl\u00fcckt, damit die einzigartigen Eigenschaften erhalten bleiben.<\/p>\n<p class=\"chalk\">Alle unsere Gins werden mit Tafelberg-Quellwasser angereichert und auf eine Trinkst\u00e4rke von 43% Vol. herabgesetzt. Wir empfehlen daher, unsere Gins zwar mit Freude und Genuss aber auch mit Bedacht zu trinken.<\/p>\n[\/vc_column_text][\/vc_column_inner][vc_column_inner width=&#8220;1\/4&#8243;][\/vc_column_inner][\/vc_row_inner][vc_empty_space][vc_column_text color=&#8220;#cca330&#8243; text_align=&#8220;center&#8220;]\n<p class=\"karma\" style=\"font-size: 30px; line-height: 32px;\">Erlebe bewusst Leidenschaft, Sch\u00f6nheit und Geschmack in Harmonie \u2013 GIN!<\/p>\n[\/vc_column_text][vc_row_inner][vc_column_inner offset=&#8220;vc_hidden-sm vc_hidden-xs&#8220;][vc_empty_space height=&#8220;250px&#8220;][\/vc_column_inner][\/vc_row_inner][\/vc_column][\/vc_row][vc_row full_width=&#8220;stretch_row_content&#8220; content_placement=&#8220;middle&#8220; remove_bottom_col_margin=&#8220;true&#8220; wpex_post_thumbnail_bg=&#8220;true&#8220; css=&#8220;.vc_custom_1636119698857{background-image: url(https:\/\/www.079gin.com\/wp-content\/uploads\/2021\/11\/Mandala-map-background3.jpg?id=1832) !important;background-position: center !important;background-repeat: no-repeat !important;background-size: cover !important;}&#8220; wpex_bg_position=&#8220;top center&#8220;][vc_column offset=&#8220;vc_hidden-lg&#8220;][vc_row_inner][vc_column_inner][vc_empty_space height=&#8220;90px&#8220;][\/vc_column_inner][\/vc_row_inner][vc_row_inner][vc_column_inner width=&#8220;1\/4&#8243;][\/vc_column_inner][vc_column_inner width=&#8220;1\/2&#8243; offset=&#8220;vc_hidden-lg vc_hidden-md&#8220;]<figure class=\"vcex-image vcex-module wpex-clr textcenter\"><div class=\"vcex-image-inner wpex-inline-block wpex-relative vc_custom_1636382160333\"><img decoding=\"async\" width=\"9999\" loading=\"lazy\" class=\"wpex-align-middle\" src=\"https:\/\/www.079gin.com\/wp-content\/uploads\/2021\/09\/botanicals.svg\" alt=\"Botanicals\" height=\"1\" \/><\/div><\/figure>[\/vc_column_inner][vc_column_inner width=&#8220;1\/4&#8243;][\/vc_column_inner][\/vc_row_inner][vc_empty_space][vc_row_inner remove_bottom_col_margin=&#8220;true&#8220;][vc_column_inner width=&#8220;1\/6&#8243;][\/vc_column_inner][vc_column_inner width=&#8220;2\/3&#8243;][vc_column_text color=&#8220;#b2b2b2&#8243; css=&#8220;.vc_custom_1636205279893{padding-top: 25px !important;padding-right: 25px !important;padding-bottom: 25px !important;padding-left: 25px !important;background-color: rgba(0,0,0,0.54) !important;*background-color: rgb(0,0,0) !important;}&#8220; text_align=&#8220;center&#8220;]\n<p class=\"chalk\">Afrikanischer Ingwer \/ Afrikanischer Salbei \/ Angelikawurzel \/ Blaue Klitorie \/ Buchu \/ Hagenbutte \/ Kap-Kamille \/ Kap-Schneestrauch \/ Kardamom \/ Konfettibusch \/ Koriander \/ Limettenbl\u00e4tter \/ Lorbeerbl\u00e4tter \/ Orangenschale \/ Paradiesk\u00f6rner \/ Rosengeranie \/ Wacholder \/ Zitronenschale<\/p>\n<p class=\"chalk\">Die dreizehn Fynbos-Botanicals, welche wir f\u00fcr unsere Gins verwenden, wachsen in den Winterhoek Bergen und am Cape Point in der N\u00e4he von Kapstadt, S\u00fcdafrika. Sie werden kurz vor der Destillation von Hand gepfl\u00fcckt, damit die einzigartigen Eigenschaften erhalten bleiben.<\/p>\n<p class=\"chalk\">Alle unsere Gins werden mit Tafelberg-Quellwasser angereichert und auf eine Trinkst\u00e4rke von 43% Vol. herabgesetzt. Wir empfehlen daher, unsere Gins zwar mit Freude und Genuss aber auch mit Bedacht zu trinken.<\/p>\n[\/vc_column_text][\/vc_column_inner][vc_column_inner width=&#8220;1\/6&#8243;][\/vc_column_inner][\/vc_row_inner][vc_empty_space][vc_column_text color=&#8220;#cca330&#8243; text_align=&#8220;center&#8220;]\n<p class=\"karma\" style=\"font-size: 30px; line-height: 32px;\">Erlebe bewusst Leidenschaft, Sch\u00f6nheit und Geschmack in Harmonie \u2013 GIN!<\/p>\n[\/vc_column_text][vc_empty_space height=&#8220;70px&#8220;][\/vc_column][\/vc_row][vc_row full_width=&#8220;stretch_row_content_no_spaces&#8220; remove_bottom_col_margin=&#8220;true&#8220; css=&#8220;.vc_custom_1636125970400{background-image: url(https:\/\/www.079gin.com\/wp-content\/uploads\/2021\/09\/metallic-line.jpg?id=529) !important;background-position: center !important;background-repeat: no-repeat !important;background-size: cover !important;}&#8220;][vc_column offset=&#8220;vc_hidden-md vc_hidden-sm vc_hidden-xs&#8220;][vc_empty_space height=&#8220;20px&#8220;][\/vc_column][\/vc_row]\n","protected":false},"excerpt":{"rendered":"<p>[vc_row full_width=&#8220;stretch_row_content_no_spaces&#8220; remove_bottom_col_margin=&#8220;true&#8220; css=&#8220;.vc_custom_1632997381658{background-image: url(https:\/\/www.079gin.com\/wp-content\/uploads\/2021\/09\/metallic-line.jpg?id=529) !important;background-position: center !important;background-repeat: no-repeat !important;background-size: cover !important;}&#8220; min_height=&#8220;20px&#8220;][vc_column][\/vc_column][\/vc_row][vc_row full_width=&#8220;stretch_row_content&#8220; content_placement=&#8220;middle&#8220; remove_bottom_col_margin=&#8220;true&#8220; wpex_post_thumbnail_bg=&#8220;true&#8220; wpex_fixed_bg=&#8220;fixed&#8220; css=&#8220;.vc_custom_1636126451659{background-image: url(https:\/\/www.079gin.com\/wp-content\/uploads\/2021\/10\/Mandala-main4.jpg?id=1047) !important;background-position: center !important;background-repeat: no-repeat !important;background-size: cover !important;}&#8220; wpex_bg_position=&#8220;top center&#8220;][vc_column offset=&#8220;vc_hidden-md vc_hidden-sm vc_hidden-xs&#8220;][vc_empty_space height=&#8220;50px&#8220;][vc_row_inner][vc_column_inner width=&#8220;1\/5&#8243;][\/vc_column_inner][vc_column_inner width=&#8220;1\/5&#8243;][\/vc_column_inner][vc_column_inner width=&#8220;1\/5&#8243; offset=&#8220;vc_hidden-xs&#8220;][\/vc_column_inner][vc_column_inner width=&#8220;1\/5&#8243;][\/vc_column_inner][vc_column_inner width=&#8220;1\/5&#8243;][\/vc_column_inner][\/vc_row_inner][vc_row_inner][vc_column_inner width=&#8220;1\/6&#8243;][\/vc_column_inner][vc_column_inner&hellip;<\/p>\n","protected":false},"author":6,"featured_media":0,"parent":0,"menu_order":0,"comment_status":"closed","ping_status":"closed","template":"","meta":{"inline_featured_image":false,"footnotes":""},"class_list":["post-2335","page","type-page","status-publish","hentry","entry","no-media"],"yoast_head":"<!-- This site is optimized with the Yoast SEO plugin v27.4 - https:\/\/yoast.com\/product\/yoast-seo-wordpress\/ -->\n<title>\u00dcber 079gin - 079 Gin<\/title>\n<meta name=\"robots\" content=\"index, follow, max-snippet:-1, max-image-preview:large, max-video-preview:-1\" \/>\n<link rel=\"canonical\" href=\"https:\/\/www.079gin.com\/de\/ueber-079gin\/\" \/>\n<meta property=\"og:locale\" content=\"de_DE\" \/>\n<meta property=\"og:type\" content=\"article\" \/>\n<meta property=\"og:title\" content=\"\u00dcber 079gin - 079 Gin\" \/>\n<meta property=\"og:description\" content=\"[vc_row full_width=&#8220;stretch_row_content_no_spaces&#8220; remove_bottom_col_margin=&#8220;true&#8220; css=&#8220;.vc_custom_1632997381658{background-image: url(https:\/\/www.079gin.com\/wp-content\/uploads\/2021\/09\/metallic-line.jpg?id=529) !important;background-position: center !important;background-repeat: no-repeat !important;background-size: cover !important;}&#8220; min_height=&#8220;20px&#8220;][vc_column][\/vc_column][\/vc_row][vc_row full_width=&#8220;stretch_row_content&#8220; content_placement=&#8220;middle&#8220; remove_bottom_col_margin=&#8220;true&#8220; wpex_post_thumbnail_bg=&#8220;true&#8220; wpex_fixed_bg=&#8220;fixed&#8220; css=&#8220;.vc_custom_1636126451659{background-image: url(https:\/\/www.079gin.com\/wp-content\/uploads\/2021\/10\/Mandala-main4.jpg?id=1047) !important;background-position: center !important;background-repeat: no-repeat !important;background-size: cover !important;}&#8220; wpex_bg_position=&#8220;top center&#8220;][vc_column offset=&#8220;vc_hidden-md vc_hidden-sm vc_hidden-xs&#8220;][vc_empty_space height=&#8220;50px&#8220;][vc_row_inner][vc_column_inner width=&#8220;1\/5&#8243;][\/vc_column_inner][vc_column_inner width=&#8220;1\/5&#8243;][\/vc_column_inner][vc_column_inner width=&#8220;1\/5&#8243; offset=&#8220;vc_hidden-xs&#8220;][\/vc_column_inner][vc_column_inner width=&#8220;1\/5&#8243;][\/vc_column_inner][vc_column_inner width=&#8220;1\/5&#8243;][\/vc_column_inner][\/vc_row_inner][vc_row_inner][vc_column_inner width=&#8220;1\/6&#8243;][\/vc_column_inner][vc_column_inner&hellip;\" \/>\n<meta property=\"og:url\" content=\"https:\/\/www.079gin.com\/de\/ueber-079gin\/\" \/>\n<meta property=\"og:site_name\" content=\"079 Gin\" \/>\n<meta name=\"twitter:card\" content=\"summary_large_image\" \/>\n<meta name=\"twitter:label1\" content=\"Gesch\u00e4tzte Lesezeit\" \/>\n\t<meta name=\"twitter:data1\" content=\"3\u00a0Minuten\" \/>\n<script type=\"application\/ld+json\" class=\"yoast-schema-graph\">{\"@context\":\"https:\\\/\\\/schema.org\",\"@graph\":[{\"@type\":\"WebPage\",\"@id\":\"https:\\\/\\\/www.079gin.com\\\/de\\\/ueber-079gin\\\/\",\"url\":\"https:\\\/\\\/www.079gin.com\\\/de\\\/ueber-079gin\\\/\",\"name\":\"\u00dcber 079gin - 079 Gin\",\"isPartOf\":{\"@id\":\"https:\\\/\\\/www.079gin.com\\\/de\\\/#website\"},\"datePublished\":\"2022-02-09T07:48:37+00:00\",\"breadcrumb\":{\"@id\":\"https:\\\/\\\/www.079gin.com\\\/de\\\/ueber-079gin\\\/#breadcrumb\"},\"inLanguage\":\"de\",\"potentialAction\":[{\"@type\":\"ReadAction\",\"target\":[\"https:\\\/\\\/www.079gin.com\\\/de\\\/ueber-079gin\\\/\"]}]},{\"@type\":\"BreadcrumbList\",\"@id\":\"https:\\\/\\\/www.079gin.com\\\/de\\\/ueber-079gin\\\/#breadcrumb\",\"itemListElement\":[{\"@type\":\"ListItem\",\"position\":1,\"name\":\"Home\",\"item\":\"https:\\\/\\\/www.079gin.com\\\/de\\\/\"},{\"@type\":\"ListItem\",\"position\":2,\"name\":\"\u00dcber 079gin\"}]},{\"@type\":\"WebSite\",\"@id\":\"https:\\\/\\\/www.079gin.com\\\/de\\\/#website\",\"url\":\"https:\\\/\\\/www.079gin.com\\\/de\\\/\",\"name\":\"079 Gin\",\"description\":\"\",\"publisher\":{\"@id\":\"https:\\\/\\\/www.079gin.com\\\/de\\\/#organization\"},\"potentialAction\":[{\"@type\":\"SearchAction\",\"target\":{\"@type\":\"EntryPoint\",\"urlTemplate\":\"https:\\\/\\\/www.079gin.com\\\/de\\\/?s={search_term_string}\"},\"query-input\":{\"@type\":\"PropertyValueSpecification\",\"valueRequired\":true,\"valueName\":\"search_term_string\"}}],\"inLanguage\":\"de\"},{\"@type\":\"Organization\",\"@id\":\"https:\\\/\\\/www.079gin.com\\\/de\\\/#organization\",\"name\":\"079 Gin\",\"url\":\"https:\\\/\\\/www.079gin.com\\\/de\\\/\",\"logo\":{\"@type\":\"ImageObject\",\"inLanguage\":\"de\",\"@id\":\"https:\\\/\\\/www.079gin.com\\\/de\\\/#\\\/schema\\\/logo\\\/image\\\/\",\"url\":\"https:\\\/\\\/www.079gin.com\\\/wp-content\\\/uploads\\\/2021\\\/09\\\/the079collection-logo.png\",\"contentUrl\":\"https:\\\/\\\/www.079gin.com\\\/wp-content\\\/uploads\\\/2021\\\/09\\\/the079collection-logo.png\",\"width\":565,\"height\":80,\"caption\":\"079 Gin\"},\"image\":{\"@id\":\"https:\\\/\\\/www.079gin.com\\\/de\\\/#\\\/schema\\\/logo\\\/image\\\/\"}}]}<\/script>\n<!-- \/ Yoast SEO plugin. -->","yoast_head_json":{"title":"\u00dcber 079gin - 079 Gin","robots":{"index":"index","follow":"follow","max-snippet":"max-snippet:-1","max-image-preview":"max-image-preview:large","max-video-preview":"max-video-preview:-1"},"canonical":"https:\/\/www.079gin.com\/de\/ueber-079gin\/","og_locale":"de_DE","og_type":"article","og_title":"\u00dcber 079gin - 079 Gin","og_description":"[vc_row full_width=&#8220;stretch_row_content_no_spaces&#8220; remove_bottom_col_margin=&#8220;true&#8220; css=&#8220;.vc_custom_1632997381658{background-image: url(https:\/\/www.079gin.com\/wp-content\/uploads\/2021\/09\/metallic-line.jpg?id=529) !important;background-position: center !important;background-repeat: no-repeat !important;background-size: cover !important;}&#8220; min_height=&#8220;20px&#8220;][vc_column][\/vc_column][\/vc_row][vc_row full_width=&#8220;stretch_row_content&#8220; content_placement=&#8220;middle&#8220; remove_bottom_col_margin=&#8220;true&#8220; wpex_post_thumbnail_bg=&#8220;true&#8220; wpex_fixed_bg=&#8220;fixed&#8220; css=&#8220;.vc_custom_1636126451659{background-image: url(https:\/\/www.079gin.com\/wp-content\/uploads\/2021\/10\/Mandala-main4.jpg?id=1047) !important;background-position: center !important;background-repeat: no-repeat !important;background-size: cover !important;}&#8220; wpex_bg_position=&#8220;top center&#8220;][vc_column offset=&#8220;vc_hidden-md vc_hidden-sm vc_hidden-xs&#8220;][vc_empty_space height=&#8220;50px&#8220;][vc_row_inner][vc_column_inner width=&#8220;1\/5&#8243;][\/vc_column_inner][vc_column_inner width=&#8220;1\/5&#8243;][\/vc_column_inner][vc_column_inner width=&#8220;1\/5&#8243; offset=&#8220;vc_hidden-xs&#8220;][\/vc_column_inner][vc_column_inner width=&#8220;1\/5&#8243;][\/vc_column_inner][vc_column_inner width=&#8220;1\/5&#8243;][\/vc_column_inner][\/vc_row_inner][vc_row_inner][vc_column_inner width=&#8220;1\/6&#8243;][\/vc_column_inner][vc_column_inner&hellip;","og_url":"https:\/\/www.079gin.com\/de\/ueber-079gin\/","og_site_name":"079 Gin","twitter_card":"summary_large_image","twitter_misc":{"Gesch\u00e4tzte Lesezeit":"3\u00a0Minuten"},"schema":{"@context":"https:\/\/schema.org","@graph":[{"@type":"WebPage","@id":"https:\/\/www.079gin.com\/de\/ueber-079gin\/","url":"https:\/\/www.079gin.com\/de\/ueber-079gin\/","name":"\u00dcber 079gin - 079 Gin","isPartOf":{"@id":"https:\/\/www.079gin.com\/de\/#website"},"datePublished":"2022-02-09T07:48:37+00:00","breadcrumb":{"@id":"https:\/\/www.079gin.com\/de\/ueber-079gin\/#breadcrumb"},"inLanguage":"de","potentialAction":[{"@type":"ReadAction","target":["https:\/\/www.079gin.com\/de\/ueber-079gin\/"]}]},{"@type":"BreadcrumbList","@id":"https:\/\/www.079gin.com\/de\/ueber-079gin\/#breadcrumb","itemListElement":[{"@type":"ListItem","position":1,"name":"Home","item":"https:\/\/www.079gin.com\/de\/"},{"@type":"ListItem","position":2,"name":"\u00dcber 079gin"}]},{"@type":"WebSite","@id":"https:\/\/www.079gin.com\/de\/#website","url":"https:\/\/www.079gin.com\/de\/","name":"079 Gin","description":"","publisher":{"@id":"https:\/\/www.079gin.com\/de\/#organization"},"potentialAction":[{"@type":"SearchAction","target":{"@type":"EntryPoint","urlTemplate":"https:\/\/www.079gin.com\/de\/?s={search_term_string}"},"query-input":{"@type":"PropertyValueSpecification","valueRequired":true,"valueName":"search_term_string"}}],"inLanguage":"de"},{"@type":"Organization","@id":"https:\/\/www.079gin.com\/de\/#organization","name":"079 Gin","url":"https:\/\/www.079gin.com\/de\/","logo":{"@type":"ImageObject","inLanguage":"de","@id":"https:\/\/www.079gin.com\/de\/#\/schema\/logo\/image\/","url":"https:\/\/www.079gin.com\/wp-content\/uploads\/2021\/09\/the079collection-logo.png","contentUrl":"https:\/\/www.079gin.com\/wp-content\/uploads\/2021\/09\/the079collection-logo.png","width":565,"height":80,"caption":"079 Gin"},"image":{"@id":"https:\/\/www.079gin.com\/de\/#\/schema\/logo\/image\/"}}]}},"_links":{"self":[{"href":"https:\/\/www.079gin.com\/de\/wp-json\/wp\/v2\/pages\/2335","targetHints":{"allow":["GET"]}}],"collection":[{"href":"https:\/\/www.079gin.com\/de\/wp-json\/wp\/v2\/pages"}],"about":[{"href":"https:\/\/www.079gin.com\/de\/wp-json\/wp\/v2\/types\/page"}],"author":[{"embeddable":true,"href":"https:\/\/www.079gin.com\/de\/wp-json\/wp\/v2\/users\/6"}],"replies":[{"embeddable":true,"href":"https:\/\/www.079gin.com\/de\/wp-json\/wp\/v2\/comments?post=2335"}],"version-history":[{"count":0,"href":"https:\/\/www.079gin.com\/de\/wp-json\/wp\/v2\/pages\/2335\/revisions"}],"wp:attachment":[{"href":"https:\/\/www.079gin.com\/de\/wp-json\/wp\/v2\/media?parent=2335"}],"curies":[{"name":"wp","href":"https:\/\/api.w.org\/{rel}","templated":true}]}}