{"id":1311,"date":"2021-09-28T06:00:50","date_gmt":"2021-09-28T04:00:50","guid":{"rendered":"https:\/\/www.079gin.com\/product\/079-rosa-gin-50ml\/"},"modified":"2021-10-27T08:44:40","modified_gmt":"2021-10-27T06:44:40","slug":"079-pink-gin-50ml","status":"publish","type":"product","link":"https:\/\/www.079gin.com\/de\/produkt\/079-pink-gin-50ml\/","title":{"rendered":"079 Pink Gin &#8211; 50ml"},"content":{"rendered":"<p>Wir empfehlen dir, unseren 079 Pink Gin mit eine klassischen Indian Tonic oder mit einem Pink Tonic zu mischen.<\/p>\n<p>Perfekte Dekoration: Verschiedene frische Beeren, rosa Pfefferk\u00f6rner, Granatapfelkerne, Rosenbl\u00fctenbl\u00e4tter oder eine frische Scheibe Grapefruit. Lass deiner Fantasie freien Lauf!<\/p>\n<p>Bitte sch\u00fctze den Pink Gin vor Sonneneinstrahlung und W\u00e4rme. Am direkten Sonnenlicht ausgesetzt kann die Farbe ausbleichen. <\/p>\n<p>Alle unsere etikettierten Flaschen sind einzigartig &#8211; keine sieht aus wie die andere!<\/p>\n","protected":false},"excerpt":{"rendered":"<p class=\"karma\" style=\"font-size: 30px; line-height: 32px;\">Der Aufguss von Rosenwasser verleiht dem Pink Gin seinen sanften Duft und k\u00f6nnte der perfekte Gin f\u00fcr die Frau sein.<\/p>\n<p>Der Duft nach frischen Rosenbl\u00e4ttern versetzt noch so manchen ins Tr\u00e4umen. Neben seiner zartrosa Farbe ist es vor allem die Zusammensetzung der Botanicals, welche diesen zeitgen\u00f6ssischen Dry Gin zu einem echten Romantiker machen.<\/p>\n<p>Die auserlesenen Botanicals verleihen ihm seinen perfekt ausgewogenen und sanft blumigen Geschmack mit leicht w\u00fcrzigen Nuancen. Der Abgang ist weich und harmonisch.<\/p>\n<p>Die Farbe ist nat\u00fcrlich und ohne k\u00fcnstliche Farbstoffe.<\/p>\n","protected":false},"featured_media":1274,"comment_status":"closed","ping_status":"closed","template":"","meta":{"inline_featured_image":false},"product_brand":[],"product_cat":[45,46],"product_tag":[40],"class_list":{"0":"post-1311","1":"product","2":"type-product","3":"status-publish","4":"has-post-thumbnail","6":"product_cat-gin-de","7":"product_cat-pink-gin-de","8":"product_tag-50ml-de","9":"entry","10":"has-media","12":"first","13":"instock","14":"shipping-taxable","15":"purchasable","16":"product-type-simple","17":"col","18":"wpex-woo-entry","19":"span_1_of_3"},"yoast_head":"<!-- This site is optimized with the Yoast SEO plugin v27.4 - https:\/\/yoast.com\/product\/yoast-seo-wordpress\/ -->\n<title>079 Pink Gin - 50ml - 079 Gin<\/title>\n<meta name=\"robots\" content=\"index, follow, max-snippet:-1, max-image-preview:large, max-video-preview:-1\" \/>\n<link rel=\"canonical\" href=\"https:\/\/www.079gin.com\/de\/produkt\/079-pink-gin-50ml\/\" \/>\n<meta property=\"og:locale\" content=\"de_DE\" \/>\n<meta property=\"og:type\" content=\"article\" \/>\n<meta property=\"og:title\" content=\"079 Pink Gin - 50ml - 079 Gin\" \/>\n<meta property=\"og:description\" content=\"Der Aufguss von Rosenwasser verleiht dem Pink Gin seinen sanften Duft und k\u00f6nnte der perfekte Gin f\u00fcr die Frau sein. Der Duft nach frischen Rosenbl\u00e4ttern versetzt noch so manchen ins Tr\u00e4umen. Neben seiner zartrosa Farbe ist es vor allem die Zusammensetzung der Botanicals, welche diesen zeitgen\u00f6ssischen Dry Gin zu einem echten Romantiker machen.  Die auserlesenen Botanicals verleihen ihm seinen perfekt ausgewogenen und sanft blumigen Geschmack mit leicht w\u00fcrzigen Nuancen. Der Abgang ist weich und harmonisch.  Die Farbe ist nat\u00fcrlich und ohne k\u00fcnstliche Farbstoffe.\" \/>\n<meta property=\"og:url\" content=\"https:\/\/www.079gin.com\/de\/produkt\/079-pink-gin-50ml\/\" \/>\n<meta property=\"og:site_name\" content=\"079 Gin\" \/>\n<meta property=\"article:modified_time\" content=\"2021-10-27T06:44:40+00:00\" \/>\n<meta property=\"og:image\" content=\"https:\/\/www.079gin.com\/wp-content\/uploads\/2021\/09\/PinkGin079-50ml3.png\" \/>\n\t<meta property=\"og:image:width\" content=\"1500\" \/>\n\t<meta property=\"og:image:height\" content=\"1500\" \/>\n\t<meta property=\"og:image:type\" content=\"image\/png\" \/>\n<meta name=\"twitter:card\" content=\"summary_large_image\" \/>\n<meta name=\"twitter:label1\" content=\"Gesch\u00e4tzte Lesezeit\" \/>\n\t<meta name=\"twitter:data1\" content=\"1\u00a0Minute\" \/>\n<script type=\"application\/ld+json\" class=\"yoast-schema-graph\">{\"@context\":\"https:\\\/\\\/schema.org\",\"@graph\":[{\"@type\":\"WebPage\",\"@id\":\"https:\\\/\\\/www.079gin.com\\\/de\\\/produkt\\\/079-pink-gin-50ml\\\/\",\"url\":\"https:\\\/\\\/www.079gin.com\\\/de\\\/produkt\\\/079-pink-gin-50ml\\\/\",\"name\":\"079 Pink Gin - 50ml - 079 Gin\",\"isPartOf\":{\"@id\":\"https:\\\/\\\/www.079gin.com\\\/de\\\/#website\"},\"primaryImageOfPage\":{\"@id\":\"https:\\\/\\\/www.079gin.com\\\/de\\\/produkt\\\/079-pink-gin-50ml\\\/#primaryimage\"},\"image\":{\"@id\":\"https:\\\/\\\/www.079gin.com\\\/de\\\/produkt\\\/079-pink-gin-50ml\\\/#primaryimage\"},\"thumbnailUrl\":\"https:\\\/\\\/www.079gin.com\\\/wp-content\\\/uploads\\\/2021\\\/09\\\/PinkGin079-50ml3.png\",\"datePublished\":\"2021-09-28T04:00:50+00:00\",\"dateModified\":\"2021-10-27T06:44:40+00:00\",\"breadcrumb\":{\"@id\":\"https:\\\/\\\/www.079gin.com\\\/de\\\/produkt\\\/079-pink-gin-50ml\\\/#breadcrumb\"},\"inLanguage\":\"de\",\"potentialAction\":[{\"@type\":\"ReadAction\",\"target\":[\"https:\\\/\\\/www.079gin.com\\\/de\\\/produkt\\\/079-pink-gin-50ml\\\/\"]}]},{\"@type\":\"ImageObject\",\"inLanguage\":\"de\",\"@id\":\"https:\\\/\\\/www.079gin.com\\\/de\\\/produkt\\\/079-pink-gin-50ml\\\/#primaryimage\",\"url\":\"https:\\\/\\\/www.079gin.com\\\/wp-content\\\/uploads\\\/2021\\\/09\\\/PinkGin079-50ml3.png\",\"contentUrl\":\"https:\\\/\\\/www.079gin.com\\\/wp-content\\\/uploads\\\/2021\\\/09\\\/PinkGin079-50ml3.png\",\"width\":1500,\"height\":1500,\"caption\":\"Pinkgin079 50ml3\"},{\"@type\":\"BreadcrumbList\",\"@id\":\"https:\\\/\\\/www.079gin.com\\\/de\\\/produkt\\\/079-pink-gin-50ml\\\/#breadcrumb\",\"itemListElement\":[{\"@type\":\"ListItem\",\"position\":1,\"name\":\"Home\",\"item\":\"https:\\\/\\\/www.079gin.com\\\/de\\\/\"},{\"@type\":\"ListItem\",\"position\":2,\"name\":\"Produkte\",\"item\":\"https:\\\/\\\/www.079gin.com\\\/de\\\/shop\\\/\"},{\"@type\":\"ListItem\",\"position\":3,\"name\":\"079 Pink Gin &#8211; 50ml\"}]},{\"@type\":\"WebSite\",\"@id\":\"https:\\\/\\\/www.079gin.com\\\/de\\\/#website\",\"url\":\"https:\\\/\\\/www.079gin.com\\\/de\\\/\",\"name\":\"079 Gin\",\"description\":\"\",\"publisher\":{\"@id\":\"https:\\\/\\\/www.079gin.com\\\/de\\\/#organization\"},\"potentialAction\":[{\"@type\":\"SearchAction\",\"target\":{\"@type\":\"EntryPoint\",\"urlTemplate\":\"https:\\\/\\\/www.079gin.com\\\/de\\\/?s={search_term_string}\"},\"query-input\":{\"@type\":\"PropertyValueSpecification\",\"valueRequired\":true,\"valueName\":\"search_term_string\"}}],\"inLanguage\":\"de\"},{\"@type\":\"Organization\",\"@id\":\"https:\\\/\\\/www.079gin.com\\\/de\\\/#organization\",\"name\":\"079 Gin\",\"url\":\"https:\\\/\\\/www.079gin.com\\\/de\\\/\",\"logo\":{\"@type\":\"ImageObject\",\"inLanguage\":\"de\",\"@id\":\"https:\\\/\\\/www.079gin.com\\\/de\\\/#\\\/schema\\\/logo\\\/image\\\/\",\"url\":\"https:\\\/\\\/www.079gin.com\\\/wp-content\\\/uploads\\\/2021\\\/09\\\/the079collection-logo.png\",\"contentUrl\":\"https:\\\/\\\/www.079gin.com\\\/wp-content\\\/uploads\\\/2021\\\/09\\\/the079collection-logo.png\",\"width\":565,\"height\":80,\"caption\":\"079 Gin\"},\"image\":{\"@id\":\"https:\\\/\\\/www.079gin.com\\\/de\\\/#\\\/schema\\\/logo\\\/image\\\/\"}}]}<\/script>\n<!-- \/ Yoast SEO plugin. -->","yoast_head_json":{"title":"079 Pink Gin - 50ml - 079 Gin","robots":{"index":"index","follow":"follow","max-snippet":"max-snippet:-1","max-image-preview":"max-image-preview:large","max-video-preview":"max-video-preview:-1"},"canonical":"https:\/\/www.079gin.com\/de\/produkt\/079-pink-gin-50ml\/","og_locale":"de_DE","og_type":"article","og_title":"079 Pink Gin - 50ml - 079 Gin","og_description":"Der Aufguss von Rosenwasser verleiht dem Pink Gin seinen sanften Duft und k\u00f6nnte der perfekte Gin f\u00fcr die Frau sein. Der Duft nach frischen Rosenbl\u00e4ttern versetzt noch so manchen ins Tr\u00e4umen. Neben seiner zartrosa Farbe ist es vor allem die Zusammensetzung der Botanicals, welche diesen zeitgen\u00f6ssischen Dry Gin zu einem echten Romantiker machen.  Die auserlesenen Botanicals verleihen ihm seinen perfekt ausgewogenen und sanft blumigen Geschmack mit leicht w\u00fcrzigen Nuancen. Der Abgang ist weich und harmonisch.  Die Farbe ist nat\u00fcrlich und ohne k\u00fcnstliche Farbstoffe.","og_url":"https:\/\/www.079gin.com\/de\/produkt\/079-pink-gin-50ml\/","og_site_name":"079 Gin","article_modified_time":"2021-10-27T06:44:40+00:00","og_image":[{"width":1500,"height":1500,"url":"https:\/\/www.079gin.com\/wp-content\/uploads\/2021\/09\/PinkGin079-50ml3.png","type":"image\/png"}],"twitter_card":"summary_large_image","twitter_misc":{"Gesch\u00e4tzte Lesezeit":"1\u00a0Minute"},"schema":{"@context":"https:\/\/schema.org","@graph":[{"@type":"WebPage","@id":"https:\/\/www.079gin.com\/de\/produkt\/079-pink-gin-50ml\/","url":"https:\/\/www.079gin.com\/de\/produkt\/079-pink-gin-50ml\/","name":"079 Pink Gin - 50ml - 079 Gin","isPartOf":{"@id":"https:\/\/www.079gin.com\/de\/#website"},"primaryImageOfPage":{"@id":"https:\/\/www.079gin.com\/de\/produkt\/079-pink-gin-50ml\/#primaryimage"},"image":{"@id":"https:\/\/www.079gin.com\/de\/produkt\/079-pink-gin-50ml\/#primaryimage"},"thumbnailUrl":"https:\/\/www.079gin.com\/wp-content\/uploads\/2021\/09\/PinkGin079-50ml3.png","datePublished":"2021-09-28T04:00:50+00:00","dateModified":"2021-10-27T06:44:40+00:00","breadcrumb":{"@id":"https:\/\/www.079gin.com\/de\/produkt\/079-pink-gin-50ml\/#breadcrumb"},"inLanguage":"de","potentialAction":[{"@type":"ReadAction","target":["https:\/\/www.079gin.com\/de\/produkt\/079-pink-gin-50ml\/"]}]},{"@type":"ImageObject","inLanguage":"de","@id":"https:\/\/www.079gin.com\/de\/produkt\/079-pink-gin-50ml\/#primaryimage","url":"https:\/\/www.079gin.com\/wp-content\/uploads\/2021\/09\/PinkGin079-50ml3.png","contentUrl":"https:\/\/www.079gin.com\/wp-content\/uploads\/2021\/09\/PinkGin079-50ml3.png","width":1500,"height":1500,"caption":"Pinkgin079 50ml3"},{"@type":"BreadcrumbList","@id":"https:\/\/www.079gin.com\/de\/produkt\/079-pink-gin-50ml\/#breadcrumb","itemListElement":[{"@type":"ListItem","position":1,"name":"Home","item":"https:\/\/www.079gin.com\/de\/"},{"@type":"ListItem","position":2,"name":"Produkte","item":"https:\/\/www.079gin.com\/de\/shop\/"},{"@type":"ListItem","position":3,"name":"079 Pink Gin &#8211; 50ml"}]},{"@type":"WebSite","@id":"https:\/\/www.079gin.com\/de\/#website","url":"https:\/\/www.079gin.com\/de\/","name":"079 Gin","description":"","publisher":{"@id":"https:\/\/www.079gin.com\/de\/#organization"},"potentialAction":[{"@type":"SearchAction","target":{"@type":"EntryPoint","urlTemplate":"https:\/\/www.079gin.com\/de\/?s={search_term_string}"},"query-input":{"@type":"PropertyValueSpecification","valueRequired":true,"valueName":"search_term_string"}}],"inLanguage":"de"},{"@type":"Organization","@id":"https:\/\/www.079gin.com\/de\/#organization","name":"079 Gin","url":"https:\/\/www.079gin.com\/de\/","logo":{"@type":"ImageObject","inLanguage":"de","@id":"https:\/\/www.079gin.com\/de\/#\/schema\/logo\/image\/","url":"https:\/\/www.079gin.com\/wp-content\/uploads\/2021\/09\/the079collection-logo.png","contentUrl":"https:\/\/www.079gin.com\/wp-content\/uploads\/2021\/09\/the079collection-logo.png","width":565,"height":80,"caption":"079 Gin"},"image":{"@id":"https:\/\/www.079gin.com\/de\/#\/schema\/logo\/image\/"}}]}},"_links":{"self":[{"href":"https:\/\/www.079gin.com\/de\/wp-json\/wp\/v2\/product\/1311","targetHints":{"allow":["GET"]}}],"collection":[{"href":"https:\/\/www.079gin.com\/de\/wp-json\/wp\/v2\/product"}],"about":[{"href":"https:\/\/www.079gin.com\/de\/wp-json\/wp\/v2\/types\/product"}],"replies":[{"embeddable":true,"href":"https:\/\/www.079gin.com\/de\/wp-json\/wp\/v2\/comments?post=1311"}],"wp:featuredmedia":[{"embeddable":true,"href":"https:\/\/www.079gin.com\/de\/wp-json\/wp\/v2\/media\/1274"}],"wp:attachment":[{"href":"https:\/\/www.079gin.com\/de\/wp-json\/wp\/v2\/media?parent=1311"}],"wp:term":[{"taxonomy":"product_brand","embeddable":true,"href":"https:\/\/www.079gin.com\/de\/wp-json\/wp\/v2\/product_brand?post=1311"},{"taxonomy":"product_cat","embeddable":true,"href":"https:\/\/www.079gin.com\/de\/wp-json\/wp\/v2\/product_cat?post=1311"},{"taxonomy":"product_tag","embeddable":true,"href":"https:\/\/www.079gin.com\/de\/wp-json\/wp\/v2\/product_tag?post=1311"}],"curies":[{"name":"wp","href":"https:\/\/api.w.org\/{rel}","templated":true}]}}