{"id":1312,"date":"1970-01-01T01:00:00","date_gmt":"1970-01-01T00:00:00","guid":{"rendered":"https:\/\/www.079gin.com\/product\/079-weiser-gin-750ml-2\/"},"modified":"2021-10-25T15:44:09","modified_gmt":"2021-10-25T13:44:09","slug":"079-white-gin-750ml","status":"publish","type":"product","link":"https:\/\/www.079gin.com\/de\/produkt\/079-white-gin-750ml\/","title":{"rendered":"079 White Gin &#8211; 750ml"},"content":{"rendered":"<p>Wir empfehlen dir, unseren 079 White Gin mit einem klassischen Indian Tonic zu mischen. F\u00fcr alle Experimentierfreudigen gibt es auch exotische und farbenfrohe Tonics.<\/p>\n<p>Perfekte Dekoration: Verschiedene Gew\u00fcrze wie rosa Pfefferk\u00f6rner oder Fruchtscheiben, Zitronenscheiben mit einem frischen Rosmarinzweig, Gurke, Olive und je nach Jahreszeit auch Orangenscheiben und Zimtstangen. Lass deiner Fantasie freien Lauf!<\/p>\n<p>Bitte sch\u00fctze den White Gin vor direkter Sonneneinstrahlung und W\u00e4rme. Am besten l\u00e4sst du ihn gleich in der wundersch\u00f6nen Geschenkbox, welche dir mitgeliefert wird.<\/p>\n<p>Alle unsere etikettierten Flaschen sind einzigartig \u2013 keine sieht aus wie die andere!<\/p>\n","protected":false},"excerpt":{"rendered":"<p class=\"karma\" style=\"font-size: 30px; line-height: 30px;\">Unser White Gin ist ein neuzeitlicher Dry Gin mit einer gekonnten Komposition.<\/p>\n<p>In der Nase duftet er nach frischen Fr\u00fcchten und angenehmem Fynbos, dadurch verf\u00fchrt er dich mit seiner Frische an Ort und Stelle.<\/p>\n<p>Der Geschmack ist komplex aber trotz des hohen Alkoholgehaltes sehr weich.<\/p>\n<p>Die Botanicals verbinden sich perfekt und verleihen diesem Gin einen sanften Abgang.<\/p>\n","protected":false},"featured_media":1166,"comment_status":"closed","ping_status":"closed","template":"","meta":{"inline_featured_image":false},"product_brand":[],"product_cat":[45,47],"product_tag":[42],"class_list":{"0":"post-1312","1":"product","2":"type-product","3":"status-publish","4":"has-post-thumbnail","6":"product_cat-gin-de","7":"product_cat-white-gin-de","8":"product_tag-750ml-de","9":"entry","10":"has-media","12":"first","13":"instock","14":"shipping-taxable","15":"purchasable","16":"product-type-simple","17":"col","18":"wpex-woo-entry","19":"span_1_of_3"},"yoast_head":"<!-- This site is optimized with the Yoast SEO plugin v27.5 - https:\/\/yoast.com\/product\/yoast-seo-wordpress\/ -->\n<title>079 White Gin - 750ml - 079 Gin<\/title>\n<meta name=\"robots\" content=\"index, follow, max-snippet:-1, max-image-preview:large, max-video-preview:-1\" \/>\n<link rel=\"canonical\" href=\"https:\/\/www.079gin.com\/de\/produkt\/079-white-gin-750ml\/\" \/>\n<meta property=\"og:locale\" content=\"de_DE\" \/>\n<meta property=\"og:type\" content=\"article\" \/>\n<meta property=\"og:title\" content=\"079 White Gin - 750ml - 079 Gin\" \/>\n<meta property=\"og:description\" content=\"Unser White Gin ist ein neuzeitlicher Dry Gin mit einer gekonnten Komposition. In der Nase duftet er nach frischen Fr\u00fcchten und angenehmem Fynbos, dadurch verf\u00fchrt er dich mit seiner Frische an Ort und Stelle.  Der Geschmack ist komplex aber trotz des hohen Alkoholgehaltes sehr weich.  Die Botanicals verbinden sich perfekt und verleihen diesem Gin einen sanften Abgang.\" \/>\n<meta property=\"og:url\" content=\"https:\/\/www.079gin.com\/de\/produkt\/079-white-gin-750ml\/\" \/>\n<meta property=\"og:site_name\" content=\"079 Gin\" \/>\n<meta property=\"article:modified_time\" content=\"2021-10-25T13:44:09+00:00\" \/>\n<meta property=\"og:image\" content=\"https:\/\/www.079gin.com\/wp-content\/uploads\/2021\/01\/White-gin-079-750ml.jpg\" \/>\n\t<meta property=\"og:image:width\" content=\"1500\" \/>\n\t<meta property=\"og:image:height\" content=\"1500\" \/>\n\t<meta property=\"og:image:type\" content=\"image\/jpeg\" \/>\n<meta name=\"twitter:card\" content=\"summary_large_image\" \/>\n<script type=\"application\/ld+json\" class=\"yoast-schema-graph\">{\"@context\":\"https:\\\/\\\/schema.org\",\"@graph\":[{\"@type\":\"WebPage\",\"@id\":\"https:\\\/\\\/www.079gin.com\\\/de\\\/produkt\\\/079-white-gin-750ml\\\/\",\"url\":\"https:\\\/\\\/www.079gin.com\\\/de\\\/produkt\\\/079-white-gin-750ml\\\/\",\"name\":\"079 White Gin - 750ml - 079 Gin\",\"isPartOf\":{\"@id\":\"https:\\\/\\\/www.079gin.com\\\/de\\\/#website\"},\"primaryImageOfPage\":{\"@id\":\"https:\\\/\\\/www.079gin.com\\\/de\\\/produkt\\\/079-white-gin-750ml\\\/#primaryimage\"},\"image\":{\"@id\":\"https:\\\/\\\/www.079gin.com\\\/de\\\/produkt\\\/079-white-gin-750ml\\\/#primaryimage\"},\"thumbnailUrl\":\"https:\\\/\\\/www.079gin.com\\\/wp-content\\\/uploads\\\/2021\\\/01\\\/White-gin-079-750ml.jpg\",\"datePublished\":\"1970-01-01T00:00:00+00:00\",\"dateModified\":\"2021-10-25T13:44:09+00:00\",\"breadcrumb\":{\"@id\":\"https:\\\/\\\/www.079gin.com\\\/de\\\/produkt\\\/079-white-gin-750ml\\\/#breadcrumb\"},\"inLanguage\":\"de\",\"potentialAction\":[{\"@type\":\"ReadAction\",\"target\":[\"https:\\\/\\\/www.079gin.com\\\/de\\\/produkt\\\/079-white-gin-750ml\\\/\"]}]},{\"@type\":\"ImageObject\",\"inLanguage\":\"de\",\"@id\":\"https:\\\/\\\/www.079gin.com\\\/de\\\/produkt\\\/079-white-gin-750ml\\\/#primaryimage\",\"url\":\"https:\\\/\\\/www.079gin.com\\\/wp-content\\\/uploads\\\/2021\\\/01\\\/White-gin-079-750ml.jpg\",\"contentUrl\":\"https:\\\/\\\/www.079gin.com\\\/wp-content\\\/uploads\\\/2021\\\/01\\\/White-gin-079-750ml.jpg\",\"width\":1500,\"height\":1500,\"caption\":\"White Gin 079 750ml\"},{\"@type\":\"BreadcrumbList\",\"@id\":\"https:\\\/\\\/www.079gin.com\\\/de\\\/produkt\\\/079-white-gin-750ml\\\/#breadcrumb\",\"itemListElement\":[{\"@type\":\"ListItem\",\"position\":1,\"name\":\"Home\",\"item\":\"https:\\\/\\\/www.079gin.com\\\/de\\\/\"},{\"@type\":\"ListItem\",\"position\":2,\"name\":\"Produkte\",\"item\":\"https:\\\/\\\/www.079gin.com\\\/de\\\/shop\\\/\"},{\"@type\":\"ListItem\",\"position\":3,\"name\":\"079 White Gin &#8211; 750ml\"}]},{\"@type\":\"WebSite\",\"@id\":\"https:\\\/\\\/www.079gin.com\\\/de\\\/#website\",\"url\":\"https:\\\/\\\/www.079gin.com\\\/de\\\/\",\"name\":\"079 Gin\",\"description\":\"\",\"publisher\":{\"@id\":\"https:\\\/\\\/www.079gin.com\\\/de\\\/#organization\"},\"potentialAction\":[{\"@type\":\"SearchAction\",\"target\":{\"@type\":\"EntryPoint\",\"urlTemplate\":\"https:\\\/\\\/www.079gin.com\\\/de\\\/?s={search_term_string}\"},\"query-input\":{\"@type\":\"PropertyValueSpecification\",\"valueRequired\":true,\"valueName\":\"search_term_string\"}}],\"inLanguage\":\"de\"},{\"@type\":\"Organization\",\"@id\":\"https:\\\/\\\/www.079gin.com\\\/de\\\/#organization\",\"name\":\"079 Gin\",\"url\":\"https:\\\/\\\/www.079gin.com\\\/de\\\/\",\"logo\":{\"@type\":\"ImageObject\",\"inLanguage\":\"de\",\"@id\":\"https:\\\/\\\/www.079gin.com\\\/de\\\/#\\\/schema\\\/logo\\\/image\\\/\",\"url\":\"https:\\\/\\\/www.079gin.com\\\/wp-content\\\/uploads\\\/2021\\\/09\\\/the079collection-logo.png\",\"contentUrl\":\"https:\\\/\\\/www.079gin.com\\\/wp-content\\\/uploads\\\/2021\\\/09\\\/the079collection-logo.png\",\"width\":565,\"height\":80,\"caption\":\"079 Gin\"},\"image\":{\"@id\":\"https:\\\/\\\/www.079gin.com\\\/de\\\/#\\\/schema\\\/logo\\\/image\\\/\"}}]}<\/script>\n<!-- \/ Yoast SEO plugin. -->","yoast_head_json":{"title":"079 White Gin - 750ml - 079 Gin","robots":{"index":"index","follow":"follow","max-snippet":"max-snippet:-1","max-image-preview":"max-image-preview:large","max-video-preview":"max-video-preview:-1"},"canonical":"https:\/\/www.079gin.com\/de\/produkt\/079-white-gin-750ml\/","og_locale":"de_DE","og_type":"article","og_title":"079 White Gin - 750ml - 079 Gin","og_description":"Unser White Gin ist ein neuzeitlicher Dry Gin mit einer gekonnten Komposition. In der Nase duftet er nach frischen Fr\u00fcchten und angenehmem Fynbos, dadurch verf\u00fchrt er dich mit seiner Frische an Ort und Stelle.  Der Geschmack ist komplex aber trotz des hohen Alkoholgehaltes sehr weich.  Die Botanicals verbinden sich perfekt und verleihen diesem Gin einen sanften Abgang.","og_url":"https:\/\/www.079gin.com\/de\/produkt\/079-white-gin-750ml\/","og_site_name":"079 Gin","article_modified_time":"2021-10-25T13:44:09+00:00","og_image":[{"width":1500,"height":1500,"url":"https:\/\/www.079gin.com\/wp-content\/uploads\/2021\/01\/White-gin-079-750ml.jpg","type":"image\/jpeg"}],"twitter_card":"summary_large_image","schema":{"@context":"https:\/\/schema.org","@graph":[{"@type":"WebPage","@id":"https:\/\/www.079gin.com\/de\/produkt\/079-white-gin-750ml\/","url":"https:\/\/www.079gin.com\/de\/produkt\/079-white-gin-750ml\/","name":"079 White Gin - 750ml - 079 Gin","isPartOf":{"@id":"https:\/\/www.079gin.com\/de\/#website"},"primaryImageOfPage":{"@id":"https:\/\/www.079gin.com\/de\/produkt\/079-white-gin-750ml\/#primaryimage"},"image":{"@id":"https:\/\/www.079gin.com\/de\/produkt\/079-white-gin-750ml\/#primaryimage"},"thumbnailUrl":"https:\/\/www.079gin.com\/wp-content\/uploads\/2021\/01\/White-gin-079-750ml.jpg","datePublished":"1970-01-01T00:00:00+00:00","dateModified":"2021-10-25T13:44:09+00:00","breadcrumb":{"@id":"https:\/\/www.079gin.com\/de\/produkt\/079-white-gin-750ml\/#breadcrumb"},"inLanguage":"de","potentialAction":[{"@type":"ReadAction","target":["https:\/\/www.079gin.com\/de\/produkt\/079-white-gin-750ml\/"]}]},{"@type":"ImageObject","inLanguage":"de","@id":"https:\/\/www.079gin.com\/de\/produkt\/079-white-gin-750ml\/#primaryimage","url":"https:\/\/www.079gin.com\/wp-content\/uploads\/2021\/01\/White-gin-079-750ml.jpg","contentUrl":"https:\/\/www.079gin.com\/wp-content\/uploads\/2021\/01\/White-gin-079-750ml.jpg","width":1500,"height":1500,"caption":"White Gin 079 750ml"},{"@type":"BreadcrumbList","@id":"https:\/\/www.079gin.com\/de\/produkt\/079-white-gin-750ml\/#breadcrumb","itemListElement":[{"@type":"ListItem","position":1,"name":"Home","item":"https:\/\/www.079gin.com\/de\/"},{"@type":"ListItem","position":2,"name":"Produkte","item":"https:\/\/www.079gin.com\/de\/shop\/"},{"@type":"ListItem","position":3,"name":"079 White Gin &#8211; 750ml"}]},{"@type":"WebSite","@id":"https:\/\/www.079gin.com\/de\/#website","url":"https:\/\/www.079gin.com\/de\/","name":"079 Gin","description":"","publisher":{"@id":"https:\/\/www.079gin.com\/de\/#organization"},"potentialAction":[{"@type":"SearchAction","target":{"@type":"EntryPoint","urlTemplate":"https:\/\/www.079gin.com\/de\/?s={search_term_string}"},"query-input":{"@type":"PropertyValueSpecification","valueRequired":true,"valueName":"search_term_string"}}],"inLanguage":"de"},{"@type":"Organization","@id":"https:\/\/www.079gin.com\/de\/#organization","name":"079 Gin","url":"https:\/\/www.079gin.com\/de\/","logo":{"@type":"ImageObject","inLanguage":"de","@id":"https:\/\/www.079gin.com\/de\/#\/schema\/logo\/image\/","url":"https:\/\/www.079gin.com\/wp-content\/uploads\/2021\/09\/the079collection-logo.png","contentUrl":"https:\/\/www.079gin.com\/wp-content\/uploads\/2021\/09\/the079collection-logo.png","width":565,"height":80,"caption":"079 Gin"},"image":{"@id":"https:\/\/www.079gin.com\/de\/#\/schema\/logo\/image\/"}}]}},"_links":{"self":[{"href":"https:\/\/www.079gin.com\/de\/wp-json\/wp\/v2\/product\/1312","targetHints":{"allow":["GET"]}}],"collection":[{"href":"https:\/\/www.079gin.com\/de\/wp-json\/wp\/v2\/product"}],"about":[{"href":"https:\/\/www.079gin.com\/de\/wp-json\/wp\/v2\/types\/product"}],"replies":[{"embeddable":true,"href":"https:\/\/www.079gin.com\/de\/wp-json\/wp\/v2\/comments?post=1312"}],"wp:featuredmedia":[{"embeddable":true,"href":"https:\/\/www.079gin.com\/de\/wp-json\/wp\/v2\/media\/1166"}],"wp:attachment":[{"href":"https:\/\/www.079gin.com\/de\/wp-json\/wp\/v2\/media?parent=1312"}],"wp:term":[{"taxonomy":"product_brand","embeddable":true,"href":"https:\/\/www.079gin.com\/de\/wp-json\/wp\/v2\/product_brand?post=1312"},{"taxonomy":"product_cat","embeddable":true,"href":"https:\/\/www.079gin.com\/de\/wp-json\/wp\/v2\/product_cat?post=1312"},{"taxonomy":"product_tag","embeddable":true,"href":"https:\/\/www.079gin.com\/de\/wp-json\/wp\/v2\/product_tag?post=1312"}],"curies":[{"name":"wp","href":"https:\/\/api.w.org\/{rel}","templated":true}]}}