{"id":2398,"date":"2022-04-07T14:14:58","date_gmt":"2022-04-07T12:14:58","guid":{"rendered":"https:\/\/www.079gin.com\/product\/barker-quin-finest-indian-4er-pack-flaschen-200ml\/"},"modified":"2022-04-08T15:16:24","modified_gmt":"2022-04-08T13:16:24","slug":"barker-quin-finest-indian-4er-pack-flaschen-200ml","status":"publish","type":"product","link":"https:\/\/www.079gin.com\/de\/produkt\/barker-quin-finest-indian-4er-pack-flaschen-200ml\/","title":{"rendered":"Barker &#038; Quin &#8211; Finest Indian, 4er Pack Flaschen, 200ml"},"content":{"rendered":"","protected":false},"excerpt":{"rendered":"<p>Eine Kombination von Zitrusnoten und Gew\u00fcrzen, die durch das nat\u00fcrliche Chinin gut ausbalanciert sind. Letzteres bietet eine reichhaltige Struktur zur Unterst\u00fctzung der Aromen und der Spritzigkeit.<\/p>\n<p>Hergestellt mit Quellwasser aus dem Breede River Valley und mit nat\u00fcrlichem Chinin.<\/p>\n<p>Serviervorschlag:<br \/>\nNehmen Sie ein gek\u00fchltes Weinglas (oder ein Glas Ihrer Wahl). Geben Sie Eisw\u00fcrfel in das Glas (je gr\u00f6\u00dfer die W\u00fcrfel, desto besser). F\u00fcgen Sie Ihr Lieblings Gin (50 ml) hinzu und geben Sie den Saft einer Limettenscheibe in den Drink. Anschie\u00dfend geben Sie auch die Limettenscheibe in das Glas. Nun gie\u00dfen Sie mit eisgek\u00fchltem Barker &#038; Quin Finest Indian Tonic Water auf. Geben Sie erneut den Saft einer Limettenscheibe hinzu und lassen danach auch diese St\u00fcckes in das Glas gleiten. Kurz umr\u00fchren, zur\u00fccklehnen und genie\u00dfen!<\/p>\n","protected":false},"featured_media":2372,"comment_status":"closed","ping_status":"closed","template":"","meta":{"inline_featured_image":false},"product_brand":[],"product_cat":[57,58],"product_tag":[59],"class_list":{"0":"post-2398","1":"product","2":"type-product","3":"status-publish","4":"has-post-thumbnail","6":"product_cat-shop-de","7":"product_cat-tonic-water-de","8":"product_tag-barker-quin-de","9":"product_shipping_class-4er-pack-flaschen","10":"entry","11":"has-media","13":"first","14":"instock","15":"shipping-taxable","16":"purchasable","17":"product-type-simple","18":"col","19":"wpex-woo-entry","20":"span_1_of_3"},"yoast_head":"<!-- This site is optimized with the Yoast SEO plugin v27.5 - https:\/\/yoast.com\/product\/yoast-seo-wordpress\/ -->\n<title>Barker &amp; Quin - Finest Indian, 4er Pack Flaschen, 200ml - 079 Gin<\/title>\n<meta name=\"robots\" content=\"index, follow, max-snippet:-1, max-image-preview:large, max-video-preview:-1\" \/>\n<link rel=\"canonical\" href=\"https:\/\/www.079gin.com\/de\/produkt\/barker-quin-finest-indian-4er-pack-flaschen-200ml\/\" \/>\n<meta property=\"og:locale\" content=\"de_DE\" \/>\n<meta property=\"og:type\" content=\"article\" \/>\n<meta property=\"og:title\" content=\"Barker &amp; Quin - Finest Indian, 4er Pack Flaschen, 200ml - 079 Gin\" \/>\n<meta property=\"og:description\" content=\"Eine Kombination von Zitrusnoten und Gew\u00fcrzen, die durch das nat\u00fcrliche Chinin gut ausbalanciert sind. Letzteres bietet eine reichhaltige Struktur zur Unterst\u00fctzung der Aromen und der Spritzigkeit.  Hergestellt mit Quellwasser aus dem Breede River Valley und mit nat\u00fcrlichem Chinin.  Serviervorschlag: Nehmen Sie ein gek\u00fchltes Weinglas (oder ein Glas Ihrer Wahl). Geben Sie Eisw\u00fcrfel in das Glas (je gr\u00f6\u00dfer die W\u00fcrfel, desto besser). F\u00fcgen Sie Ihr Lieblings Gin (50 ml) hinzu und geben Sie den Saft einer Limettenscheibe in den Drink. Anschie\u00dfend geben Sie auch die Limettenscheibe in das Glas. Nun gie\u00dfen Sie mit eisgek\u00fchltem Barker &amp; Quin Finest Indian Tonic Water auf. Geben Sie erneut den Saft einer Limettenscheibe hinzu und lassen danach auch diese St\u00fcckes in das Glas gleiten. Kurz umr\u00fchren, zur\u00fccklehnen und genie\u00dfen!\" \/>\n<meta property=\"og:url\" content=\"https:\/\/www.079gin.com\/de\/produkt\/barker-quin-finest-indian-4er-pack-flaschen-200ml\/\" \/>\n<meta property=\"og:site_name\" content=\"079 Gin\" \/>\n<meta property=\"article:modified_time\" content=\"2022-04-08T13:16:24+00:00\" \/>\n<meta property=\"og:image\" content=\"https:\/\/www.079gin.com\/wp-content\/uploads\/2022\/04\/Barker-and-Quin-Finest-Indian-Tonic-Water-01-web.jpg\" \/>\n\t<meta property=\"og:image:width\" content=\"800\" \/>\n\t<meta property=\"og:image:height\" content=\"800\" \/>\n\t<meta property=\"og:image:type\" content=\"image\/jpeg\" \/>\n<meta name=\"twitter:card\" content=\"summary_large_image\" \/>\n<script type=\"application\/ld+json\" class=\"yoast-schema-graph\">{\"@context\":\"https:\\\/\\\/schema.org\",\"@graph\":[{\"@type\":\"WebPage\",\"@id\":\"https:\\\/\\\/www.079gin.com\\\/de\\\/produkt\\\/barker-quin-finest-indian-4er-pack-flaschen-200ml\\\/\",\"url\":\"https:\\\/\\\/www.079gin.com\\\/de\\\/produkt\\\/barker-quin-finest-indian-4er-pack-flaschen-200ml\\\/\",\"name\":\"Barker & Quin - Finest Indian, 4er Pack Flaschen, 200ml - 079 Gin\",\"isPartOf\":{\"@id\":\"https:\\\/\\\/www.079gin.com\\\/de\\\/#website\"},\"primaryImageOfPage\":{\"@id\":\"https:\\\/\\\/www.079gin.com\\\/de\\\/produkt\\\/barker-quin-finest-indian-4er-pack-flaschen-200ml\\\/#primaryimage\"},\"image\":{\"@id\":\"https:\\\/\\\/www.079gin.com\\\/de\\\/produkt\\\/barker-quin-finest-indian-4er-pack-flaschen-200ml\\\/#primaryimage\"},\"thumbnailUrl\":\"https:\\\/\\\/www.079gin.com\\\/wp-content\\\/uploads\\\/2022\\\/04\\\/Barker-and-Quin-Finest-Indian-Tonic-Water-01-web.jpg\",\"datePublished\":\"2022-04-07T12:14:58+00:00\",\"dateModified\":\"2022-04-08T13:16:24+00:00\",\"breadcrumb\":{\"@id\":\"https:\\\/\\\/www.079gin.com\\\/de\\\/produkt\\\/barker-quin-finest-indian-4er-pack-flaschen-200ml\\\/#breadcrumb\"},\"inLanguage\":\"de\",\"potentialAction\":[{\"@type\":\"ReadAction\",\"target\":[\"https:\\\/\\\/www.079gin.com\\\/de\\\/produkt\\\/barker-quin-finest-indian-4er-pack-flaschen-200ml\\\/\"]}]},{\"@type\":\"ImageObject\",\"inLanguage\":\"de\",\"@id\":\"https:\\\/\\\/www.079gin.com\\\/de\\\/produkt\\\/barker-quin-finest-indian-4er-pack-flaschen-200ml\\\/#primaryimage\",\"url\":\"https:\\\/\\\/www.079gin.com\\\/wp-content\\\/uploads\\\/2022\\\/04\\\/Barker-and-Quin-Finest-Indian-Tonic-Water-01-web.jpg\",\"contentUrl\":\"https:\\\/\\\/www.079gin.com\\\/wp-content\\\/uploads\\\/2022\\\/04\\\/Barker-and-Quin-Finest-Indian-Tonic-Water-01-web.jpg\",\"width\":800,\"height\":800},{\"@type\":\"BreadcrumbList\",\"@id\":\"https:\\\/\\\/www.079gin.com\\\/de\\\/produkt\\\/barker-quin-finest-indian-4er-pack-flaschen-200ml\\\/#breadcrumb\",\"itemListElement\":[{\"@type\":\"ListItem\",\"position\":1,\"name\":\"Home\",\"item\":\"https:\\\/\\\/www.079gin.com\\\/de\\\/\"},{\"@type\":\"ListItem\",\"position\":2,\"name\":\"Produkte\",\"item\":\"https:\\\/\\\/www.079gin.com\\\/de\\\/shop\\\/\"},{\"@type\":\"ListItem\",\"position\":3,\"name\":\"Barker &#038; Quin &#8211; Finest Indian, 4er Pack Flaschen, 200ml\"}]},{\"@type\":\"WebSite\",\"@id\":\"https:\\\/\\\/www.079gin.com\\\/de\\\/#website\",\"url\":\"https:\\\/\\\/www.079gin.com\\\/de\\\/\",\"name\":\"079 Gin\",\"description\":\"\",\"publisher\":{\"@id\":\"https:\\\/\\\/www.079gin.com\\\/de\\\/#organization\"},\"potentialAction\":[{\"@type\":\"SearchAction\",\"target\":{\"@type\":\"EntryPoint\",\"urlTemplate\":\"https:\\\/\\\/www.079gin.com\\\/de\\\/?s={search_term_string}\"},\"query-input\":{\"@type\":\"PropertyValueSpecification\",\"valueRequired\":true,\"valueName\":\"search_term_string\"}}],\"inLanguage\":\"de\"},{\"@type\":\"Organization\",\"@id\":\"https:\\\/\\\/www.079gin.com\\\/de\\\/#organization\",\"name\":\"079 Gin\",\"url\":\"https:\\\/\\\/www.079gin.com\\\/de\\\/\",\"logo\":{\"@type\":\"ImageObject\",\"inLanguage\":\"de\",\"@id\":\"https:\\\/\\\/www.079gin.com\\\/de\\\/#\\\/schema\\\/logo\\\/image\\\/\",\"url\":\"https:\\\/\\\/www.079gin.com\\\/wp-content\\\/uploads\\\/2021\\\/09\\\/the079collection-logo.png\",\"contentUrl\":\"https:\\\/\\\/www.079gin.com\\\/wp-content\\\/uploads\\\/2021\\\/09\\\/the079collection-logo.png\",\"width\":565,\"height\":80,\"caption\":\"079 Gin\"},\"image\":{\"@id\":\"https:\\\/\\\/www.079gin.com\\\/de\\\/#\\\/schema\\\/logo\\\/image\\\/\"}}]}<\/script>\n<!-- \/ Yoast SEO plugin. -->","yoast_head_json":{"title":"Barker & Quin - Finest Indian, 4er Pack Flaschen, 200ml - 079 Gin","robots":{"index":"index","follow":"follow","max-snippet":"max-snippet:-1","max-image-preview":"max-image-preview:large","max-video-preview":"max-video-preview:-1"},"canonical":"https:\/\/www.079gin.com\/de\/produkt\/barker-quin-finest-indian-4er-pack-flaschen-200ml\/","og_locale":"de_DE","og_type":"article","og_title":"Barker & Quin - Finest Indian, 4er Pack Flaschen, 200ml - 079 Gin","og_description":"Eine Kombination von Zitrusnoten und Gew\u00fcrzen, die durch das nat\u00fcrliche Chinin gut ausbalanciert sind. Letzteres bietet eine reichhaltige Struktur zur Unterst\u00fctzung der Aromen und der Spritzigkeit.  Hergestellt mit Quellwasser aus dem Breede River Valley und mit nat\u00fcrlichem Chinin.  Serviervorschlag: Nehmen Sie ein gek\u00fchltes Weinglas (oder ein Glas Ihrer Wahl). Geben Sie Eisw\u00fcrfel in das Glas (je gr\u00f6\u00dfer die W\u00fcrfel, desto besser). F\u00fcgen Sie Ihr Lieblings Gin (50 ml) hinzu und geben Sie den Saft einer Limettenscheibe in den Drink. Anschie\u00dfend geben Sie auch die Limettenscheibe in das Glas. Nun gie\u00dfen Sie mit eisgek\u00fchltem Barker & Quin Finest Indian Tonic Water auf. Geben Sie erneut den Saft einer Limettenscheibe hinzu und lassen danach auch diese St\u00fcckes in das Glas gleiten. Kurz umr\u00fchren, zur\u00fccklehnen und genie\u00dfen!","og_url":"https:\/\/www.079gin.com\/de\/produkt\/barker-quin-finest-indian-4er-pack-flaschen-200ml\/","og_site_name":"079 Gin","article_modified_time":"2022-04-08T13:16:24+00:00","og_image":[{"width":800,"height":800,"url":"https:\/\/www.079gin.com\/wp-content\/uploads\/2022\/04\/Barker-and-Quin-Finest-Indian-Tonic-Water-01-web.jpg","type":"image\/jpeg"}],"twitter_card":"summary_large_image","schema":{"@context":"https:\/\/schema.org","@graph":[{"@type":"WebPage","@id":"https:\/\/www.079gin.com\/de\/produkt\/barker-quin-finest-indian-4er-pack-flaschen-200ml\/","url":"https:\/\/www.079gin.com\/de\/produkt\/barker-quin-finest-indian-4er-pack-flaschen-200ml\/","name":"Barker & Quin - Finest Indian, 4er Pack Flaschen, 200ml - 079 Gin","isPartOf":{"@id":"https:\/\/www.079gin.com\/de\/#website"},"primaryImageOfPage":{"@id":"https:\/\/www.079gin.com\/de\/produkt\/barker-quin-finest-indian-4er-pack-flaschen-200ml\/#primaryimage"},"image":{"@id":"https:\/\/www.079gin.com\/de\/produkt\/barker-quin-finest-indian-4er-pack-flaschen-200ml\/#primaryimage"},"thumbnailUrl":"https:\/\/www.079gin.com\/wp-content\/uploads\/2022\/04\/Barker-and-Quin-Finest-Indian-Tonic-Water-01-web.jpg","datePublished":"2022-04-07T12:14:58+00:00","dateModified":"2022-04-08T13:16:24+00:00","breadcrumb":{"@id":"https:\/\/www.079gin.com\/de\/produkt\/barker-quin-finest-indian-4er-pack-flaschen-200ml\/#breadcrumb"},"inLanguage":"de","potentialAction":[{"@type":"ReadAction","target":["https:\/\/www.079gin.com\/de\/produkt\/barker-quin-finest-indian-4er-pack-flaschen-200ml\/"]}]},{"@type":"ImageObject","inLanguage":"de","@id":"https:\/\/www.079gin.com\/de\/produkt\/barker-quin-finest-indian-4er-pack-flaschen-200ml\/#primaryimage","url":"https:\/\/www.079gin.com\/wp-content\/uploads\/2022\/04\/Barker-and-Quin-Finest-Indian-Tonic-Water-01-web.jpg","contentUrl":"https:\/\/www.079gin.com\/wp-content\/uploads\/2022\/04\/Barker-and-Quin-Finest-Indian-Tonic-Water-01-web.jpg","width":800,"height":800},{"@type":"BreadcrumbList","@id":"https:\/\/www.079gin.com\/de\/produkt\/barker-quin-finest-indian-4er-pack-flaschen-200ml\/#breadcrumb","itemListElement":[{"@type":"ListItem","position":1,"name":"Home","item":"https:\/\/www.079gin.com\/de\/"},{"@type":"ListItem","position":2,"name":"Produkte","item":"https:\/\/www.079gin.com\/de\/shop\/"},{"@type":"ListItem","position":3,"name":"Barker &#038; Quin &#8211; Finest Indian, 4er Pack Flaschen, 200ml"}]},{"@type":"WebSite","@id":"https:\/\/www.079gin.com\/de\/#website","url":"https:\/\/www.079gin.com\/de\/","name":"079 Gin","description":"","publisher":{"@id":"https:\/\/www.079gin.com\/de\/#organization"},"potentialAction":[{"@type":"SearchAction","target":{"@type":"EntryPoint","urlTemplate":"https:\/\/www.079gin.com\/de\/?s={search_term_string}"},"query-input":{"@type":"PropertyValueSpecification","valueRequired":true,"valueName":"search_term_string"}}],"inLanguage":"de"},{"@type":"Organization","@id":"https:\/\/www.079gin.com\/de\/#organization","name":"079 Gin","url":"https:\/\/www.079gin.com\/de\/","logo":{"@type":"ImageObject","inLanguage":"de","@id":"https:\/\/www.079gin.com\/de\/#\/schema\/logo\/image\/","url":"https:\/\/www.079gin.com\/wp-content\/uploads\/2021\/09\/the079collection-logo.png","contentUrl":"https:\/\/www.079gin.com\/wp-content\/uploads\/2021\/09\/the079collection-logo.png","width":565,"height":80,"caption":"079 Gin"},"image":{"@id":"https:\/\/www.079gin.com\/de\/#\/schema\/logo\/image\/"}}]}},"_links":{"self":[{"href":"https:\/\/www.079gin.com\/de\/wp-json\/wp\/v2\/product\/2398","targetHints":{"allow":["GET"]}}],"collection":[{"href":"https:\/\/www.079gin.com\/de\/wp-json\/wp\/v2\/product"}],"about":[{"href":"https:\/\/www.079gin.com\/de\/wp-json\/wp\/v2\/types\/product"}],"replies":[{"embeddable":true,"href":"https:\/\/www.079gin.com\/de\/wp-json\/wp\/v2\/comments?post=2398"}],"wp:featuredmedia":[{"embeddable":true,"href":"https:\/\/www.079gin.com\/de\/wp-json\/wp\/v2\/media\/2372"}],"wp:attachment":[{"href":"https:\/\/www.079gin.com\/de\/wp-json\/wp\/v2\/media?parent=2398"}],"wp:term":[{"taxonomy":"product_brand","embeddable":true,"href":"https:\/\/www.079gin.com\/de\/wp-json\/wp\/v2\/product_brand?post=2398"},{"taxonomy":"product_cat","embeddable":true,"href":"https:\/\/www.079gin.com\/de\/wp-json\/wp\/v2\/product_cat?post=2398"},{"taxonomy":"product_tag","embeddable":true,"href":"https:\/\/www.079gin.com\/de\/wp-json\/wp\/v2\/product_tag?post=2398"}],"curies":[{"name":"wp","href":"https:\/\/api.w.org\/{rel}","templated":true}]}}