{"id":2400,"date":"2022-04-07T14:14:58","date_gmt":"2022-04-07T12:14:58","guid":{"rendered":"https:\/\/www.079gin.com\/product\/barker-quin-hibiscus-4er-pack-flaschen-200ml\/"},"modified":"2022-04-07T14:14:58","modified_gmt":"2022-04-07T12:14:58","slug":"barker-quin-hibiscus-4er-pack-flaschen-200ml","status":"publish","type":"product","link":"https:\/\/www.079gin.com\/de\/produkt\/barker-quin-hibiscus-4er-pack-flaschen-200ml\/","title":{"rendered":"Barker &#038; Quin &#8211; Hibiscus, 4er Pack Flaschen, 200ml"},"content":{"rendered":"","protected":false},"excerpt":{"rendered":"<p>Das floral angereicherte Tonic ist mit nat\u00fcrlichem Hibiskus, Honigbusch und echtem Chinin hergestellt. Diese aromatische Komposition erg\u00e4nzt die unterschiedlichsten Gins, ist aber auch als erfrischendes alkoholfreies Getr\u00e4nk ein au\u00dfergew\u00f6hnlicher Genuss.<\/p>\n<p>Hergestellt mit Quellwasser aus dem Breede River Valley und mit nat\u00fcrlichem Chinin.<\/p>\n<p>Serviervorschlag:<br \/>\nGeniessen Sie dieses geschmacksintensive Tonic Water entweder mit einer Handvoll Ihrer Lieblingsbeeren oder getrockneten Zitrusschalen &#8211; je nach Lust und Laune. F\u00fcgen Sie es zu 50 ml Ihres Lieblings Gin auf Eis hinzu, lehnen Sie sich zur\u00fcck und genie\u00dfen Sie einfach mal etwas anderes.<\/p>\n","protected":false},"featured_media":2374,"comment_status":"closed","ping_status":"closed","template":"","meta":{"inline_featured_image":false},"product_brand":[],"product_cat":[57,58],"product_tag":[59],"class_list":{"0":"post-2400","1":"product","2":"type-product","3":"status-publish","4":"has-post-thumbnail","6":"product_cat-shop-de","7":"product_cat-tonic-water-de","8":"product_tag-barker-quin-de","9":"product_shipping_class-4er-pack-flaschen","10":"entry","11":"has-media","13":"first","14":"instock","15":"shipping-taxable","16":"purchasable","17":"product-type-simple","18":"col","19":"wpex-woo-entry","20":"span_1_of_3"},"yoast_head":"<!-- This site is optimized with the Yoast SEO plugin v27.5 - https:\/\/yoast.com\/product\/yoast-seo-wordpress\/ -->\n<title>Barker &amp; Quin - Hibiscus, 4er Pack Flaschen, 200ml - 079 Gin<\/title>\n<meta name=\"robots\" content=\"index, follow, max-snippet:-1, max-image-preview:large, max-video-preview:-1\" \/>\n<link rel=\"canonical\" href=\"https:\/\/www.079gin.com\/de\/produkt\/barker-quin-hibiscus-4er-pack-flaschen-200ml\/\" \/>\n<meta property=\"og:locale\" content=\"de_DE\" \/>\n<meta property=\"og:type\" content=\"article\" \/>\n<meta property=\"og:title\" content=\"Barker &amp; Quin - Hibiscus, 4er Pack Flaschen, 200ml - 079 Gin\" \/>\n<meta property=\"og:description\" content=\"Das floral angereicherte Tonic ist mit nat\u00fcrlichem Hibiskus, Honigbusch und echtem Chinin hergestellt. Diese aromatische Komposition erg\u00e4nzt die unterschiedlichsten Gins, ist aber auch als erfrischendes alkoholfreies Getr\u00e4nk ein au\u00dfergew\u00f6hnlicher Genuss.  Hergestellt mit Quellwasser aus dem Breede River Valley und mit nat\u00fcrlichem Chinin.  Serviervorschlag: Geniessen Sie dieses geschmacksintensive Tonic Water entweder mit einer Handvoll Ihrer Lieblingsbeeren oder getrockneten Zitrusschalen - je nach Lust und Laune. F\u00fcgen Sie es zu 50 ml Ihres Lieblings Gin auf Eis hinzu, lehnen Sie sich zur\u00fcck und genie\u00dfen Sie einfach mal etwas anderes.\" \/>\n<meta property=\"og:url\" content=\"https:\/\/www.079gin.com\/de\/produkt\/barker-quin-hibiscus-4er-pack-flaschen-200ml\/\" \/>\n<meta property=\"og:site_name\" content=\"079 Gin\" \/>\n<meta property=\"og:image\" content=\"https:\/\/www.079gin.com\/wp-content\/uploads\/2022\/04\/Barker-and-Quin-Hibiscus-Tonic-Water-01-web.jpg\" \/>\n\t<meta property=\"og:image:width\" content=\"800\" \/>\n\t<meta property=\"og:image:height\" content=\"800\" \/>\n\t<meta property=\"og:image:type\" content=\"image\/jpeg\" \/>\n<meta name=\"twitter:card\" content=\"summary_large_image\" \/>\n<script type=\"application\/ld+json\" class=\"yoast-schema-graph\">{\"@context\":\"https:\\\/\\\/schema.org\",\"@graph\":[{\"@type\":\"WebPage\",\"@id\":\"https:\\\/\\\/www.079gin.com\\\/de\\\/produkt\\\/barker-quin-hibiscus-4er-pack-flaschen-200ml\\\/\",\"url\":\"https:\\\/\\\/www.079gin.com\\\/de\\\/produkt\\\/barker-quin-hibiscus-4er-pack-flaschen-200ml\\\/\",\"name\":\"Barker & Quin - Hibiscus, 4er Pack Flaschen, 200ml - 079 Gin\",\"isPartOf\":{\"@id\":\"https:\\\/\\\/www.079gin.com\\\/de\\\/#website\"},\"primaryImageOfPage\":{\"@id\":\"https:\\\/\\\/www.079gin.com\\\/de\\\/produkt\\\/barker-quin-hibiscus-4er-pack-flaschen-200ml\\\/#primaryimage\"},\"image\":{\"@id\":\"https:\\\/\\\/www.079gin.com\\\/de\\\/produkt\\\/barker-quin-hibiscus-4er-pack-flaschen-200ml\\\/#primaryimage\"},\"thumbnailUrl\":\"https:\\\/\\\/www.079gin.com\\\/wp-content\\\/uploads\\\/2022\\\/04\\\/Barker-and-Quin-Hibiscus-Tonic-Water-01-web.jpg\",\"datePublished\":\"2022-04-07T12:14:58+00:00\",\"breadcrumb\":{\"@id\":\"https:\\\/\\\/www.079gin.com\\\/de\\\/produkt\\\/barker-quin-hibiscus-4er-pack-flaschen-200ml\\\/#breadcrumb\"},\"inLanguage\":\"de\",\"potentialAction\":[{\"@type\":\"ReadAction\",\"target\":[\"https:\\\/\\\/www.079gin.com\\\/de\\\/produkt\\\/barker-quin-hibiscus-4er-pack-flaschen-200ml\\\/\"]}]},{\"@type\":\"ImageObject\",\"inLanguage\":\"de\",\"@id\":\"https:\\\/\\\/www.079gin.com\\\/de\\\/produkt\\\/barker-quin-hibiscus-4er-pack-flaschen-200ml\\\/#primaryimage\",\"url\":\"https:\\\/\\\/www.079gin.com\\\/wp-content\\\/uploads\\\/2022\\\/04\\\/Barker-and-Quin-Hibiscus-Tonic-Water-01-web.jpg\",\"contentUrl\":\"https:\\\/\\\/www.079gin.com\\\/wp-content\\\/uploads\\\/2022\\\/04\\\/Barker-and-Quin-Hibiscus-Tonic-Water-01-web.jpg\",\"width\":800,\"height\":800},{\"@type\":\"BreadcrumbList\",\"@id\":\"https:\\\/\\\/www.079gin.com\\\/de\\\/produkt\\\/barker-quin-hibiscus-4er-pack-flaschen-200ml\\\/#breadcrumb\",\"itemListElement\":[{\"@type\":\"ListItem\",\"position\":1,\"name\":\"Home\",\"item\":\"https:\\\/\\\/www.079gin.com\\\/de\\\/\"},{\"@type\":\"ListItem\",\"position\":2,\"name\":\"Produkte\",\"item\":\"https:\\\/\\\/www.079gin.com\\\/de\\\/shop\\\/\"},{\"@type\":\"ListItem\",\"position\":3,\"name\":\"Barker &#038; Quin &#8211; Hibiscus, 4er Pack Flaschen, 200ml\"}]},{\"@type\":\"WebSite\",\"@id\":\"https:\\\/\\\/www.079gin.com\\\/de\\\/#website\",\"url\":\"https:\\\/\\\/www.079gin.com\\\/de\\\/\",\"name\":\"079 Gin\",\"description\":\"\",\"publisher\":{\"@id\":\"https:\\\/\\\/www.079gin.com\\\/de\\\/#organization\"},\"potentialAction\":[{\"@type\":\"SearchAction\",\"target\":{\"@type\":\"EntryPoint\",\"urlTemplate\":\"https:\\\/\\\/www.079gin.com\\\/de\\\/?s={search_term_string}\"},\"query-input\":{\"@type\":\"PropertyValueSpecification\",\"valueRequired\":true,\"valueName\":\"search_term_string\"}}],\"inLanguage\":\"de\"},{\"@type\":\"Organization\",\"@id\":\"https:\\\/\\\/www.079gin.com\\\/de\\\/#organization\",\"name\":\"079 Gin\",\"url\":\"https:\\\/\\\/www.079gin.com\\\/de\\\/\",\"logo\":{\"@type\":\"ImageObject\",\"inLanguage\":\"de\",\"@id\":\"https:\\\/\\\/www.079gin.com\\\/de\\\/#\\\/schema\\\/logo\\\/image\\\/\",\"url\":\"https:\\\/\\\/www.079gin.com\\\/wp-content\\\/uploads\\\/2021\\\/09\\\/the079collection-logo.png\",\"contentUrl\":\"https:\\\/\\\/www.079gin.com\\\/wp-content\\\/uploads\\\/2021\\\/09\\\/the079collection-logo.png\",\"width\":565,\"height\":80,\"caption\":\"079 Gin\"},\"image\":{\"@id\":\"https:\\\/\\\/www.079gin.com\\\/de\\\/#\\\/schema\\\/logo\\\/image\\\/\"}}]}<\/script>\n<!-- \/ Yoast SEO plugin. -->","yoast_head_json":{"title":"Barker & Quin - Hibiscus, 4er Pack Flaschen, 200ml - 079 Gin","robots":{"index":"index","follow":"follow","max-snippet":"max-snippet:-1","max-image-preview":"max-image-preview:large","max-video-preview":"max-video-preview:-1"},"canonical":"https:\/\/www.079gin.com\/de\/produkt\/barker-quin-hibiscus-4er-pack-flaschen-200ml\/","og_locale":"de_DE","og_type":"article","og_title":"Barker & Quin - Hibiscus, 4er Pack Flaschen, 200ml - 079 Gin","og_description":"Das floral angereicherte Tonic ist mit nat\u00fcrlichem Hibiskus, Honigbusch und echtem Chinin hergestellt. Diese aromatische Komposition erg\u00e4nzt die unterschiedlichsten Gins, ist aber auch als erfrischendes alkoholfreies Getr\u00e4nk ein au\u00dfergew\u00f6hnlicher Genuss.  Hergestellt mit Quellwasser aus dem Breede River Valley und mit nat\u00fcrlichem Chinin.  Serviervorschlag: Geniessen Sie dieses geschmacksintensive Tonic Water entweder mit einer Handvoll Ihrer Lieblingsbeeren oder getrockneten Zitrusschalen - je nach Lust und Laune. F\u00fcgen Sie es zu 50 ml Ihres Lieblings Gin auf Eis hinzu, lehnen Sie sich zur\u00fcck und genie\u00dfen Sie einfach mal etwas anderes.","og_url":"https:\/\/www.079gin.com\/de\/produkt\/barker-quin-hibiscus-4er-pack-flaschen-200ml\/","og_site_name":"079 Gin","og_image":[{"width":800,"height":800,"url":"https:\/\/www.079gin.com\/wp-content\/uploads\/2022\/04\/Barker-and-Quin-Hibiscus-Tonic-Water-01-web.jpg","type":"image\/jpeg"}],"twitter_card":"summary_large_image","schema":{"@context":"https:\/\/schema.org","@graph":[{"@type":"WebPage","@id":"https:\/\/www.079gin.com\/de\/produkt\/barker-quin-hibiscus-4er-pack-flaschen-200ml\/","url":"https:\/\/www.079gin.com\/de\/produkt\/barker-quin-hibiscus-4er-pack-flaschen-200ml\/","name":"Barker & Quin - Hibiscus, 4er Pack Flaschen, 200ml - 079 Gin","isPartOf":{"@id":"https:\/\/www.079gin.com\/de\/#website"},"primaryImageOfPage":{"@id":"https:\/\/www.079gin.com\/de\/produkt\/barker-quin-hibiscus-4er-pack-flaschen-200ml\/#primaryimage"},"image":{"@id":"https:\/\/www.079gin.com\/de\/produkt\/barker-quin-hibiscus-4er-pack-flaschen-200ml\/#primaryimage"},"thumbnailUrl":"https:\/\/www.079gin.com\/wp-content\/uploads\/2022\/04\/Barker-and-Quin-Hibiscus-Tonic-Water-01-web.jpg","datePublished":"2022-04-07T12:14:58+00:00","breadcrumb":{"@id":"https:\/\/www.079gin.com\/de\/produkt\/barker-quin-hibiscus-4er-pack-flaschen-200ml\/#breadcrumb"},"inLanguage":"de","potentialAction":[{"@type":"ReadAction","target":["https:\/\/www.079gin.com\/de\/produkt\/barker-quin-hibiscus-4er-pack-flaschen-200ml\/"]}]},{"@type":"ImageObject","inLanguage":"de","@id":"https:\/\/www.079gin.com\/de\/produkt\/barker-quin-hibiscus-4er-pack-flaschen-200ml\/#primaryimage","url":"https:\/\/www.079gin.com\/wp-content\/uploads\/2022\/04\/Barker-and-Quin-Hibiscus-Tonic-Water-01-web.jpg","contentUrl":"https:\/\/www.079gin.com\/wp-content\/uploads\/2022\/04\/Barker-and-Quin-Hibiscus-Tonic-Water-01-web.jpg","width":800,"height":800},{"@type":"BreadcrumbList","@id":"https:\/\/www.079gin.com\/de\/produkt\/barker-quin-hibiscus-4er-pack-flaschen-200ml\/#breadcrumb","itemListElement":[{"@type":"ListItem","position":1,"name":"Home","item":"https:\/\/www.079gin.com\/de\/"},{"@type":"ListItem","position":2,"name":"Produkte","item":"https:\/\/www.079gin.com\/de\/shop\/"},{"@type":"ListItem","position":3,"name":"Barker &#038; Quin &#8211; Hibiscus, 4er Pack Flaschen, 200ml"}]},{"@type":"WebSite","@id":"https:\/\/www.079gin.com\/de\/#website","url":"https:\/\/www.079gin.com\/de\/","name":"079 Gin","description":"","publisher":{"@id":"https:\/\/www.079gin.com\/de\/#organization"},"potentialAction":[{"@type":"SearchAction","target":{"@type":"EntryPoint","urlTemplate":"https:\/\/www.079gin.com\/de\/?s={search_term_string}"},"query-input":{"@type":"PropertyValueSpecification","valueRequired":true,"valueName":"search_term_string"}}],"inLanguage":"de"},{"@type":"Organization","@id":"https:\/\/www.079gin.com\/de\/#organization","name":"079 Gin","url":"https:\/\/www.079gin.com\/de\/","logo":{"@type":"ImageObject","inLanguage":"de","@id":"https:\/\/www.079gin.com\/de\/#\/schema\/logo\/image\/","url":"https:\/\/www.079gin.com\/wp-content\/uploads\/2021\/09\/the079collection-logo.png","contentUrl":"https:\/\/www.079gin.com\/wp-content\/uploads\/2021\/09\/the079collection-logo.png","width":565,"height":80,"caption":"079 Gin"},"image":{"@id":"https:\/\/www.079gin.com\/de\/#\/schema\/logo\/image\/"}}]}},"_links":{"self":[{"href":"https:\/\/www.079gin.com\/de\/wp-json\/wp\/v2\/product\/2400","targetHints":{"allow":["GET"]}}],"collection":[{"href":"https:\/\/www.079gin.com\/de\/wp-json\/wp\/v2\/product"}],"about":[{"href":"https:\/\/www.079gin.com\/de\/wp-json\/wp\/v2\/types\/product"}],"replies":[{"embeddable":true,"href":"https:\/\/www.079gin.com\/de\/wp-json\/wp\/v2\/comments?post=2400"}],"wp:featuredmedia":[{"embeddable":true,"href":"https:\/\/www.079gin.com\/de\/wp-json\/wp\/v2\/media\/2374"}],"wp:attachment":[{"href":"https:\/\/www.079gin.com\/de\/wp-json\/wp\/v2\/media?parent=2400"}],"wp:term":[{"taxonomy":"product_brand","embeddable":true,"href":"https:\/\/www.079gin.com\/de\/wp-json\/wp\/v2\/product_brand?post=2400"},{"taxonomy":"product_cat","embeddable":true,"href":"https:\/\/www.079gin.com\/de\/wp-json\/wp\/v2\/product_cat?post=2400"},{"taxonomy":"product_tag","embeddable":true,"href":"https:\/\/www.079gin.com\/de\/wp-json\/wp\/v2\/product_tag?post=2400"}],"curies":[{"name":"wp","href":"https:\/\/api.w.org\/{rel}","templated":true}]}}