{"id":2406,"date":"2022-04-07T14:14:59","date_gmt":"2022-04-07T12:14:59","guid":{"rendered":"https:\/\/www.079gin.com\/product\/tastelab-secco-drink-infusion-duftende-limetten-und-ingwer-infusionsbeutel-box-mit-12-beutel\/"},"modified":"2022-04-08T15:11:37","modified_gmt":"2022-04-08T13:11:37","slug":"tastelab-secco-drink-infusion-duftende-limetten-und-ingwer-infusionsbeutel-box-mit-12-beutel","status":"publish","type":"product","link":"https:\/\/www.079gin.com\/de\/produkt\/tastelab-secco-drink-infusion-duftende-limetten-und-ingwer-infusionsbeutel-box-mit-12-beutel\/","title":{"rendered":"Tastelab &#8211; Secco Drink Infusion, Duftende Limetten und Ingwer Infusionsbeutel, Box mit 12 Beutel"},"content":{"rendered":"","protected":false},"excerpt":{"rendered":"<p>Verbessern Sie Ihren Lieblings-Gin &amp; Tonic, Ihr hei\u00dfes Getr\u00e4nk oder Ihr erfrischendes Eisgetr\u00e4nk mit diesen geschmackvollen Getr\u00e4nkeinfusionen. F\u00fcgen Sie einfach einen Infusionsbeutel zu Ihrem Getr\u00e4nk hinzu und lassen Sie ihn einige Minuten ziehen, damit die duftenden Limetten und Ingweraromen ihren Geschmack entfalten k\u00f6nnen.<\/p>\n<ul>\n<li>Getrockneter Ingwer, Limette und Gew\u00fcrze in biologisch abbaubaren Teebeuteln<\/li>\n<li>Hergestellt aus echten Fr\u00fcchten ohne Zuckerzusatz, Farbstoffe oder Aromastoffe<\/li>\n<li>Einfach in Ihr Glas geben, das Getr\u00e4nk Ihrer Wahl hinzuf\u00fcgen und ziehen lassen<\/li>\n<li>Handverpackt in Kapstadt<\/li>\n<\/ul>\n<p>Tastelab ist die kreative Idee eines in Kapstadt ans\u00e4ssigen Lebensmittelwissen-schaftlers und Unternehmers. Tastelab ist auf gefriergetrocknete Obstprodukte spezialisiert und glaubt, dass die Kraft guten Essens zusammen mit der Liebe zu Menschen und der Leidenschaft f\u00fcr Lebensmittel die bestm\u00f6glichen Produkte f\u00fcr die Regale schafft.<\/p>\n<p>Zutaten: Getrockneter Ingwer, getrocknete Limette, getrocknete Gew\u00fcrze<br \/>\nAllergene: Verpackt in einer Fabrik, in der sowohl Erdn\u00fcsse als auch Baumn\u00fcsse verwendet werden<\/p>\n<p>Aufbewahrung:<br \/>\n-K\u00fchl und trocken lagern<br \/>\n-Innerhalb von 1 Monat nach dem \u00d6ffnen verwenden<\/p>\n","protected":false},"featured_media":2390,"comment_status":"closed","ping_status":"closed","template":"","meta":{"inline_featured_image":false},"product_brand":[],"product_cat":[62,57],"product_tag":[],"class_list":{"0":"post-2406","1":"product","2":"type-product","3":"status-publish","4":"has-post-thumbnail","6":"product_cat-botanical-de","7":"product_cat-shop-de","8":"entry","9":"has-media","11":"first","12":"instock","13":"shipping-taxable","14":"purchasable","15":"product-type-simple","16":"col","17":"wpex-woo-entry","18":"span_1_of_3"},"yoast_head":"<!-- This site is optimized with the Yoast SEO plugin v27.5 - https:\/\/yoast.com\/product\/yoast-seo-wordpress\/ -->\n<title>Tastelab - Secco Drink Infusion, Duftende Limetten und Ingwer Infusionsbeutel, Box mit 12 Beutel - 079 Gin<\/title>\n<meta name=\"robots\" content=\"index, follow, max-snippet:-1, max-image-preview:large, max-video-preview:-1\" \/>\n<link rel=\"canonical\" href=\"https:\/\/www.079gin.com\/de\/produkt\/tastelab-secco-drink-infusion-duftende-limetten-und-ingwer-infusionsbeutel-box-mit-12-beutel\/\" \/>\n<meta property=\"og:locale\" content=\"de_DE\" \/>\n<meta property=\"og:type\" content=\"article\" \/>\n<meta property=\"og:title\" content=\"Tastelab - Secco Drink Infusion, Duftende Limetten und Ingwer Infusionsbeutel, Box mit 12 Beutel - 079 Gin\" \/>\n<meta property=\"og:description\" content=\"Verbessern Sie Ihren Lieblings-Gin &amp; Tonic, Ihr hei\u00dfes Getr\u00e4nk oder Ihr erfrischendes Eisgetr\u00e4nk mit diesen geschmackvollen Getr\u00e4nkeinfusionen. F\u00fcgen Sie einfach einen Infusionsbeutel zu Ihrem Getr\u00e4nk hinzu und lassen Sie ihn einige Minuten ziehen, damit die duftenden Limetten und Ingweraromen ihren Geschmack entfalten k\u00f6nnen.   Getrockneter Ingwer, Limette und Gew\u00fcrze in biologisch abbaubaren Teebeuteln  Hergestellt aus echten Fr\u00fcchten ohne Zuckerzusatz, Farbstoffe oder Aromastoffe  Einfach in Ihr Glas geben, das Getr\u00e4nk Ihrer Wahl hinzuf\u00fcgen und ziehen lassen  Handverpackt in Kapstadt  Tastelab ist die kreative Idee eines in Kapstadt ans\u00e4ssigen Lebensmittelwissen-schaftlers und Unternehmers. Tastelab ist auf gefriergetrocknete Obstprodukte spezialisiert und glaubt, dass die Kraft guten Essens zusammen mit der Liebe zu Menschen und der Leidenschaft f\u00fcr Lebensmittel die bestm\u00f6glichen Produkte f\u00fcr die Regale schafft.  Zutaten: Getrockneter Ingwer, getrocknete Limette, getrocknete Gew\u00fcrze Allergene: Verpackt in einer Fabrik, in der sowohl Erdn\u00fcsse als auch Baumn\u00fcsse verwendet werden  Aufbewahrung: -K\u00fchl und trocken lagern -Innerhalb von 1 Monat nach dem \u00d6ffnen verwenden\" \/>\n<meta property=\"og:url\" content=\"https:\/\/www.079gin.com\/de\/produkt\/tastelab-secco-drink-infusion-duftende-limetten-und-ingwer-infusionsbeutel-box-mit-12-beutel\/\" \/>\n<meta property=\"og:site_name\" content=\"079 Gin\" \/>\n<meta property=\"article:modified_time\" content=\"2022-04-08T13:11:37+00:00\" \/>\n<meta property=\"og:image\" content=\"https:\/\/www.079gin.com\/wp-content\/uploads\/2022\/04\/SA-taste-Artboard-1-copy-14.jpg\" \/>\n\t<meta property=\"og:image:width\" content=\"1418\" \/>\n\t<meta property=\"og:image:height\" content=\"1418\" \/>\n\t<meta property=\"og:image:type\" content=\"image\/jpeg\" \/>\n<meta name=\"twitter:card\" content=\"summary_large_image\" \/>\n<script type=\"application\/ld+json\" class=\"yoast-schema-graph\">{\"@context\":\"https:\\\/\\\/schema.org\",\"@graph\":[{\"@type\":\"WebPage\",\"@id\":\"https:\\\/\\\/www.079gin.com\\\/de\\\/produkt\\\/tastelab-secco-drink-infusion-duftende-limetten-und-ingwer-infusionsbeutel-box-mit-12-beutel\\\/\",\"url\":\"https:\\\/\\\/www.079gin.com\\\/de\\\/produkt\\\/tastelab-secco-drink-infusion-duftende-limetten-und-ingwer-infusionsbeutel-box-mit-12-beutel\\\/\",\"name\":\"Tastelab - Secco Drink Infusion, Duftende Limetten und Ingwer Infusionsbeutel, Box mit 12 Beutel - 079 Gin\",\"isPartOf\":{\"@id\":\"https:\\\/\\\/www.079gin.com\\\/de\\\/#website\"},\"primaryImageOfPage\":{\"@id\":\"https:\\\/\\\/www.079gin.com\\\/de\\\/produkt\\\/tastelab-secco-drink-infusion-duftende-limetten-und-ingwer-infusionsbeutel-box-mit-12-beutel\\\/#primaryimage\"},\"image\":{\"@id\":\"https:\\\/\\\/www.079gin.com\\\/de\\\/produkt\\\/tastelab-secco-drink-infusion-duftende-limetten-und-ingwer-infusionsbeutel-box-mit-12-beutel\\\/#primaryimage\"},\"thumbnailUrl\":\"https:\\\/\\\/www.079gin.com\\\/wp-content\\\/uploads\\\/2022\\\/04\\\/SA-taste-Artboard-1-copy-14.jpg\",\"datePublished\":\"2022-04-07T12:14:59+00:00\",\"dateModified\":\"2022-04-08T13:11:37+00:00\",\"breadcrumb\":{\"@id\":\"https:\\\/\\\/www.079gin.com\\\/de\\\/produkt\\\/tastelab-secco-drink-infusion-duftende-limetten-und-ingwer-infusionsbeutel-box-mit-12-beutel\\\/#breadcrumb\"},\"inLanguage\":\"de\",\"potentialAction\":[{\"@type\":\"ReadAction\",\"target\":[\"https:\\\/\\\/www.079gin.com\\\/de\\\/produkt\\\/tastelab-secco-drink-infusion-duftende-limetten-und-ingwer-infusionsbeutel-box-mit-12-beutel\\\/\"]}]},{\"@type\":\"ImageObject\",\"inLanguage\":\"de\",\"@id\":\"https:\\\/\\\/www.079gin.com\\\/de\\\/produkt\\\/tastelab-secco-drink-infusion-duftende-limetten-und-ingwer-infusionsbeutel-box-mit-12-beutel\\\/#primaryimage\",\"url\":\"https:\\\/\\\/www.079gin.com\\\/wp-content\\\/uploads\\\/2022\\\/04\\\/SA-taste-Artboard-1-copy-14.jpg\",\"contentUrl\":\"https:\\\/\\\/www.079gin.com\\\/wp-content\\\/uploads\\\/2022\\\/04\\\/SA-taste-Artboard-1-copy-14.jpg\",\"width\":1418,\"height\":1418},{\"@type\":\"BreadcrumbList\",\"@id\":\"https:\\\/\\\/www.079gin.com\\\/de\\\/produkt\\\/tastelab-secco-drink-infusion-duftende-limetten-und-ingwer-infusionsbeutel-box-mit-12-beutel\\\/#breadcrumb\",\"itemListElement\":[{\"@type\":\"ListItem\",\"position\":1,\"name\":\"Home\",\"item\":\"https:\\\/\\\/www.079gin.com\\\/de\\\/\"},{\"@type\":\"ListItem\",\"position\":2,\"name\":\"Produkte\",\"item\":\"https:\\\/\\\/www.079gin.com\\\/de\\\/shop\\\/\"},{\"@type\":\"ListItem\",\"position\":3,\"name\":\"Tastelab &#8211; Secco Drink Infusion, Duftende Limetten und Ingwer Infusionsbeutel, Box mit 12 Beutel\"}]},{\"@type\":\"WebSite\",\"@id\":\"https:\\\/\\\/www.079gin.com\\\/de\\\/#website\",\"url\":\"https:\\\/\\\/www.079gin.com\\\/de\\\/\",\"name\":\"079 Gin\",\"description\":\"\",\"publisher\":{\"@id\":\"https:\\\/\\\/www.079gin.com\\\/de\\\/#organization\"},\"potentialAction\":[{\"@type\":\"SearchAction\",\"target\":{\"@type\":\"EntryPoint\",\"urlTemplate\":\"https:\\\/\\\/www.079gin.com\\\/de\\\/?s={search_term_string}\"},\"query-input\":{\"@type\":\"PropertyValueSpecification\",\"valueRequired\":true,\"valueName\":\"search_term_string\"}}],\"inLanguage\":\"de\"},{\"@type\":\"Organization\",\"@id\":\"https:\\\/\\\/www.079gin.com\\\/de\\\/#organization\",\"name\":\"079 Gin\",\"url\":\"https:\\\/\\\/www.079gin.com\\\/de\\\/\",\"logo\":{\"@type\":\"ImageObject\",\"inLanguage\":\"de\",\"@id\":\"https:\\\/\\\/www.079gin.com\\\/de\\\/#\\\/schema\\\/logo\\\/image\\\/\",\"url\":\"https:\\\/\\\/www.079gin.com\\\/wp-content\\\/uploads\\\/2021\\\/09\\\/the079collection-logo.png\",\"contentUrl\":\"https:\\\/\\\/www.079gin.com\\\/wp-content\\\/uploads\\\/2021\\\/09\\\/the079collection-logo.png\",\"width\":565,\"height\":80,\"caption\":\"079 Gin\"},\"image\":{\"@id\":\"https:\\\/\\\/www.079gin.com\\\/de\\\/#\\\/schema\\\/logo\\\/image\\\/\"}}]}<\/script>\n<!-- \/ Yoast SEO plugin. -->","yoast_head_json":{"title":"Tastelab - Secco Drink Infusion, Duftende Limetten und Ingwer Infusionsbeutel, Box mit 12 Beutel - 079 Gin","robots":{"index":"index","follow":"follow","max-snippet":"max-snippet:-1","max-image-preview":"max-image-preview:large","max-video-preview":"max-video-preview:-1"},"canonical":"https:\/\/www.079gin.com\/de\/produkt\/tastelab-secco-drink-infusion-duftende-limetten-und-ingwer-infusionsbeutel-box-mit-12-beutel\/","og_locale":"de_DE","og_type":"article","og_title":"Tastelab - Secco Drink Infusion, Duftende Limetten und Ingwer Infusionsbeutel, Box mit 12 Beutel - 079 Gin","og_description":"Verbessern Sie Ihren Lieblings-Gin &amp; Tonic, Ihr hei\u00dfes Getr\u00e4nk oder Ihr erfrischendes Eisgetr\u00e4nk mit diesen geschmackvollen Getr\u00e4nkeinfusionen. F\u00fcgen Sie einfach einen Infusionsbeutel zu Ihrem Getr\u00e4nk hinzu und lassen Sie ihn einige Minuten ziehen, damit die duftenden Limetten und Ingweraromen ihren Geschmack entfalten k\u00f6nnen.   Getrockneter Ingwer, Limette und Gew\u00fcrze in biologisch abbaubaren Teebeuteln  Hergestellt aus echten Fr\u00fcchten ohne Zuckerzusatz, Farbstoffe oder Aromastoffe  Einfach in Ihr Glas geben, das Getr\u00e4nk Ihrer Wahl hinzuf\u00fcgen und ziehen lassen  Handverpackt in Kapstadt  Tastelab ist die kreative Idee eines in Kapstadt ans\u00e4ssigen Lebensmittelwissen-schaftlers und Unternehmers. Tastelab ist auf gefriergetrocknete Obstprodukte spezialisiert und glaubt, dass die Kraft guten Essens zusammen mit der Liebe zu Menschen und der Leidenschaft f\u00fcr Lebensmittel die bestm\u00f6glichen Produkte f\u00fcr die Regale schafft.  Zutaten: Getrockneter Ingwer, getrocknete Limette, getrocknete Gew\u00fcrze Allergene: Verpackt in einer Fabrik, in der sowohl Erdn\u00fcsse als auch Baumn\u00fcsse verwendet werden  Aufbewahrung: -K\u00fchl und trocken lagern -Innerhalb von 1 Monat nach dem \u00d6ffnen verwenden","og_url":"https:\/\/www.079gin.com\/de\/produkt\/tastelab-secco-drink-infusion-duftende-limetten-und-ingwer-infusionsbeutel-box-mit-12-beutel\/","og_site_name":"079 Gin","article_modified_time":"2022-04-08T13:11:37+00:00","og_image":[{"width":1418,"height":1418,"url":"https:\/\/www.079gin.com\/wp-content\/uploads\/2022\/04\/SA-taste-Artboard-1-copy-14.jpg","type":"image\/jpeg"}],"twitter_card":"summary_large_image","schema":{"@context":"https:\/\/schema.org","@graph":[{"@type":"WebPage","@id":"https:\/\/www.079gin.com\/de\/produkt\/tastelab-secco-drink-infusion-duftende-limetten-und-ingwer-infusionsbeutel-box-mit-12-beutel\/","url":"https:\/\/www.079gin.com\/de\/produkt\/tastelab-secco-drink-infusion-duftende-limetten-und-ingwer-infusionsbeutel-box-mit-12-beutel\/","name":"Tastelab - Secco Drink Infusion, Duftende Limetten und Ingwer Infusionsbeutel, Box mit 12 Beutel - 079 Gin","isPartOf":{"@id":"https:\/\/www.079gin.com\/de\/#website"},"primaryImageOfPage":{"@id":"https:\/\/www.079gin.com\/de\/produkt\/tastelab-secco-drink-infusion-duftende-limetten-und-ingwer-infusionsbeutel-box-mit-12-beutel\/#primaryimage"},"image":{"@id":"https:\/\/www.079gin.com\/de\/produkt\/tastelab-secco-drink-infusion-duftende-limetten-und-ingwer-infusionsbeutel-box-mit-12-beutel\/#primaryimage"},"thumbnailUrl":"https:\/\/www.079gin.com\/wp-content\/uploads\/2022\/04\/SA-taste-Artboard-1-copy-14.jpg","datePublished":"2022-04-07T12:14:59+00:00","dateModified":"2022-04-08T13:11:37+00:00","breadcrumb":{"@id":"https:\/\/www.079gin.com\/de\/produkt\/tastelab-secco-drink-infusion-duftende-limetten-und-ingwer-infusionsbeutel-box-mit-12-beutel\/#breadcrumb"},"inLanguage":"de","potentialAction":[{"@type":"ReadAction","target":["https:\/\/www.079gin.com\/de\/produkt\/tastelab-secco-drink-infusion-duftende-limetten-und-ingwer-infusionsbeutel-box-mit-12-beutel\/"]}]},{"@type":"ImageObject","inLanguage":"de","@id":"https:\/\/www.079gin.com\/de\/produkt\/tastelab-secco-drink-infusion-duftende-limetten-und-ingwer-infusionsbeutel-box-mit-12-beutel\/#primaryimage","url":"https:\/\/www.079gin.com\/wp-content\/uploads\/2022\/04\/SA-taste-Artboard-1-copy-14.jpg","contentUrl":"https:\/\/www.079gin.com\/wp-content\/uploads\/2022\/04\/SA-taste-Artboard-1-copy-14.jpg","width":1418,"height":1418},{"@type":"BreadcrumbList","@id":"https:\/\/www.079gin.com\/de\/produkt\/tastelab-secco-drink-infusion-duftende-limetten-und-ingwer-infusionsbeutel-box-mit-12-beutel\/#breadcrumb","itemListElement":[{"@type":"ListItem","position":1,"name":"Home","item":"https:\/\/www.079gin.com\/de\/"},{"@type":"ListItem","position":2,"name":"Produkte","item":"https:\/\/www.079gin.com\/de\/shop\/"},{"@type":"ListItem","position":3,"name":"Tastelab &#8211; Secco Drink Infusion, Duftende Limetten und Ingwer Infusionsbeutel, Box mit 12 Beutel"}]},{"@type":"WebSite","@id":"https:\/\/www.079gin.com\/de\/#website","url":"https:\/\/www.079gin.com\/de\/","name":"079 Gin","description":"","publisher":{"@id":"https:\/\/www.079gin.com\/de\/#organization"},"potentialAction":[{"@type":"SearchAction","target":{"@type":"EntryPoint","urlTemplate":"https:\/\/www.079gin.com\/de\/?s={search_term_string}"},"query-input":{"@type":"PropertyValueSpecification","valueRequired":true,"valueName":"search_term_string"}}],"inLanguage":"de"},{"@type":"Organization","@id":"https:\/\/www.079gin.com\/de\/#organization","name":"079 Gin","url":"https:\/\/www.079gin.com\/de\/","logo":{"@type":"ImageObject","inLanguage":"de","@id":"https:\/\/www.079gin.com\/de\/#\/schema\/logo\/image\/","url":"https:\/\/www.079gin.com\/wp-content\/uploads\/2021\/09\/the079collection-logo.png","contentUrl":"https:\/\/www.079gin.com\/wp-content\/uploads\/2021\/09\/the079collection-logo.png","width":565,"height":80,"caption":"079 Gin"},"image":{"@id":"https:\/\/www.079gin.com\/de\/#\/schema\/logo\/image\/"}}]}},"_links":{"self":[{"href":"https:\/\/www.079gin.com\/de\/wp-json\/wp\/v2\/product\/2406","targetHints":{"allow":["GET"]}}],"collection":[{"href":"https:\/\/www.079gin.com\/de\/wp-json\/wp\/v2\/product"}],"about":[{"href":"https:\/\/www.079gin.com\/de\/wp-json\/wp\/v2\/types\/product"}],"replies":[{"embeddable":true,"href":"https:\/\/www.079gin.com\/de\/wp-json\/wp\/v2\/comments?post=2406"}],"wp:featuredmedia":[{"embeddable":true,"href":"https:\/\/www.079gin.com\/de\/wp-json\/wp\/v2\/media\/2390"}],"wp:attachment":[{"href":"https:\/\/www.079gin.com\/de\/wp-json\/wp\/v2\/media?parent=2406"}],"wp:term":[{"taxonomy":"product_brand","embeddable":true,"href":"https:\/\/www.079gin.com\/de\/wp-json\/wp\/v2\/product_brand?post=2406"},{"taxonomy":"product_cat","embeddable":true,"href":"https:\/\/www.079gin.com\/de\/wp-json\/wp\/v2\/product_cat?post=2406"},{"taxonomy":"product_tag","embeddable":true,"href":"https:\/\/www.079gin.com\/de\/wp-json\/wp\/v2\/product_tag?post=2406"}],"curies":[{"name":"wp","href":"https:\/\/api.w.org\/{rel}","templated":true}]}}