{"id":2496,"date":"2023-08-07T11:57:21","date_gmt":"2023-08-07T09:57:21","guid":{"rendered":"https:\/\/www.079gin.com\/product\/fitch-leedes-cheeky-cranberry-6er-pack-dosen-200ml\/"},"modified":"2023-08-07T12:05:42","modified_gmt":"2023-08-07T10:05:42","slug":"fitch-leedes-cheeky-cranberry-6er-pack-dosen-200ml","status":"publish","type":"product","link":"https:\/\/www.079gin.com\/de\/produkt\/fitch-leedes-cheeky-cranberry-6er-pack-dosen-200ml\/","title":{"rendered":"Fitch &#038; Leedes &#8211; Cheeky Cranberry, 6er Pack Dosen , 200ml"},"content":{"rendered":"<p>Product Name: Fitch &#038; Leedes<br \/>\nFlavor: Cheeky Cranberry<br \/>\nBox \/ Pack size: 6er Pack Flaschen<br \/>\nContents (in ml): 200ml<\/p>\n","protected":false},"excerpt":{"rendered":"<p>Fitch &amp; Leedes Cheeky Cranberry mit dem Geschmack von Preiselbeeren und einer leicht Chili Note, verwandelt jedes alkohlische Getr\u00e4nk in einen sensorischen Genuss. Lassen Sie sich von saftigen Noten der Preiselbeeren verf\u00fchren, w\u00e4hrend ein k\u00fchner Hauch von Chili alle Sinne erweckt. Mit der beigabe von Koffein ist dieses Getr\u00e4nk auch ein Muntermacher. Es geht beim Trinken eines Cocktails nicht nur um guten Geschmack, sondern dass es allen Sinnen gefallen sollte um echte\u00a0 Cocktail-Liebhaber mit einem Fest f\u00fcr Auge, Nase und Gaumen zu verw\u00f6hnen.<\/p>\n<p>Die Mixer von Fitch &amp; Leedes werden aus den feinsten Zutaten mit Sorgfalt und Aufmerksamkeit f\u00fcr Qualit\u00e4t handgefertigt.<\/p>\n<ul>\n<li>Kohles\u00e4urehaltiges Chinin-Erfrischungsgetr\u00e4nk<\/li>\n<li>Koffeinhaltiges Erfrischungsgetr\u00e4nk<\/li>\n<li>Gro\u00dfartig als Erfrischungsgetr\u00e4nk oder als Zugabe f\u00fcr Ihren Vodka<\/li>\n<\/ul>\n<p>Kapazit\u00e4t: 200 ml<br \/>\nZutaten: Kohlens\u00e4urehaltiges Wasser, Zucker, Zitronens\u00e4ure, Aroma (Preiselbeeren), Natriumbenzoat, Koffein<\/p>\n","protected":false},"featured_media":2495,"comment_status":"closed","ping_status":"closed","template":"","meta":{"inline_featured_image":false},"product_brand":[],"product_cat":[58],"product_tag":[],"class_list":{"0":"post-2496","1":"product","2":"type-product","3":"status-publish","4":"has-post-thumbnail","6":"product_cat-tonic-water-de","7":"product_shipping_class-4er-pack-flaschen","8":"entry","9":"has-media","11":"first","12":"instock","13":"shipping-taxable","14":"purchasable","15":"product-type-simple","16":"col","17":"wpex-woo-entry","18":"span_1_of_3"},"yoast_head":"<!-- This site is optimized with the Yoast SEO plugin v27.4 - https:\/\/yoast.com\/product\/yoast-seo-wordpress\/ -->\n<title>Fitch &amp; Leedes - Cheeky Cranberry, 6er Pack Dosen , 200ml - 079 Gin<\/title>\n<meta name=\"robots\" content=\"index, follow, max-snippet:-1, max-image-preview:large, max-video-preview:-1\" \/>\n<link rel=\"canonical\" href=\"https:\/\/www.079gin.com\/de\/produkt\/fitch-leedes-cheeky-cranberry-6er-pack-dosen-200ml\/\" \/>\n<meta property=\"og:locale\" content=\"de_DE\" \/>\n<meta property=\"og:type\" content=\"article\" \/>\n<meta property=\"og:title\" content=\"Fitch &amp; Leedes - Cheeky Cranberry, 6er Pack Dosen , 200ml - 079 Gin\" \/>\n<meta property=\"og:description\" content=\"Fitch &amp; Leedes Cheeky Cranberry mit dem Geschmack von Preiselbeeren und einer leicht Chili Note, verwandelt jedes alkohlische Getr\u00e4nk in einen sensorischen Genuss. Lassen Sie sich von saftigen Noten der Preiselbeeren verf\u00fchren, w\u00e4hrend ein k\u00fchner Hauch von Chili alle Sinne erweckt. Mit der beigabe von Koffein ist dieses Getr\u00e4nk auch ein Muntermacher. Es geht beim Trinken eines Cocktails nicht nur um guten Geschmack, sondern dass es allen Sinnen gefallen sollte um echte\u00a0 Cocktail-Liebhaber mit einem Fest f\u00fcr Auge, Nase und Gaumen zu verw\u00f6hnen.  Die Mixer von Fitch &amp; Leedes werden aus den feinsten Zutaten mit Sorgfalt und Aufmerksamkeit f\u00fcr Qualit\u00e4t handgefertigt.   Kohles\u00e4urehaltiges Chinin-Erfrischungsgetr\u00e4nk  Koffeinhaltiges Erfrischungsgetr\u00e4nk  Gro\u00dfartig als Erfrischungsgetr\u00e4nk oder als Zugabe f\u00fcr Ihren Vodka  Kapazit\u00e4t: 200 ml Zutaten: Kohlens\u00e4urehaltiges Wasser, Zucker, Zitronens\u00e4ure, Aroma (Preiselbeeren), Natriumbenzoat, Koffein\" \/>\n<meta property=\"og:url\" content=\"https:\/\/www.079gin.com\/de\/produkt\/fitch-leedes-cheeky-cranberry-6er-pack-dosen-200ml\/\" \/>\n<meta property=\"og:site_name\" content=\"079 Gin\" \/>\n<meta property=\"article:modified_time\" content=\"2023-08-07T10:05:42+00:00\" \/>\n<meta property=\"og:image\" content=\"https:\/\/www.079gin.com\/wp-content\/uploads\/2023\/08\/SA-taste-Artboard-1-copy-4.jpg\" \/>\n\t<meta property=\"og:image:width\" content=\"1418\" \/>\n\t<meta property=\"og:image:height\" content=\"1418\" \/>\n\t<meta property=\"og:image:type\" content=\"image\/jpeg\" \/>\n<meta name=\"twitter:card\" content=\"summary_large_image\" \/>\n<script type=\"application\/ld+json\" class=\"yoast-schema-graph\">{\"@context\":\"https:\\\/\\\/schema.org\",\"@graph\":[{\"@type\":\"WebPage\",\"@id\":\"https:\\\/\\\/www.079gin.com\\\/de\\\/produkt\\\/fitch-leedes-cheeky-cranberry-6er-pack-dosen-200ml\\\/\",\"url\":\"https:\\\/\\\/www.079gin.com\\\/de\\\/produkt\\\/fitch-leedes-cheeky-cranberry-6er-pack-dosen-200ml\\\/\",\"name\":\"Fitch & Leedes - Cheeky Cranberry, 6er Pack Dosen , 200ml - 079 Gin\",\"isPartOf\":{\"@id\":\"https:\\\/\\\/www.079gin.com\\\/de\\\/#website\"},\"primaryImageOfPage\":{\"@id\":\"https:\\\/\\\/www.079gin.com\\\/de\\\/produkt\\\/fitch-leedes-cheeky-cranberry-6er-pack-dosen-200ml\\\/#primaryimage\"},\"image\":{\"@id\":\"https:\\\/\\\/www.079gin.com\\\/de\\\/produkt\\\/fitch-leedes-cheeky-cranberry-6er-pack-dosen-200ml\\\/#primaryimage\"},\"thumbnailUrl\":\"https:\\\/\\\/www.079gin.com\\\/wp-content\\\/uploads\\\/2023\\\/08\\\/SA-taste-Artboard-1-copy-4.jpg\",\"datePublished\":\"2023-08-07T09:57:21+00:00\",\"dateModified\":\"2023-08-07T10:05:42+00:00\",\"breadcrumb\":{\"@id\":\"https:\\\/\\\/www.079gin.com\\\/de\\\/produkt\\\/fitch-leedes-cheeky-cranberry-6er-pack-dosen-200ml\\\/#breadcrumb\"},\"inLanguage\":\"de\",\"potentialAction\":[{\"@type\":\"ReadAction\",\"target\":[\"https:\\\/\\\/www.079gin.com\\\/de\\\/produkt\\\/fitch-leedes-cheeky-cranberry-6er-pack-dosen-200ml\\\/\"]}]},{\"@type\":\"ImageObject\",\"inLanguage\":\"de\",\"@id\":\"https:\\\/\\\/www.079gin.com\\\/de\\\/produkt\\\/fitch-leedes-cheeky-cranberry-6er-pack-dosen-200ml\\\/#primaryimage\",\"url\":\"https:\\\/\\\/www.079gin.com\\\/wp-content\\\/uploads\\\/2023\\\/08\\\/SA-taste-Artboard-1-copy-4.jpg\",\"contentUrl\":\"https:\\\/\\\/www.079gin.com\\\/wp-content\\\/uploads\\\/2023\\\/08\\\/SA-taste-Artboard-1-copy-4.jpg\",\"width\":1418,\"height\":1418},{\"@type\":\"BreadcrumbList\",\"@id\":\"https:\\\/\\\/www.079gin.com\\\/de\\\/produkt\\\/fitch-leedes-cheeky-cranberry-6er-pack-dosen-200ml\\\/#breadcrumb\",\"itemListElement\":[{\"@type\":\"ListItem\",\"position\":1,\"name\":\"Home\",\"item\":\"https:\\\/\\\/www.079gin.com\\\/de\\\/\"},{\"@type\":\"ListItem\",\"position\":2,\"name\":\"Produkte\",\"item\":\"https:\\\/\\\/www.079gin.com\\\/de\\\/shop\\\/\"},{\"@type\":\"ListItem\",\"position\":3,\"name\":\"Fitch &#038; Leedes &#8211; Cheeky Cranberry, 6er Pack Dosen , 200ml\"}]},{\"@type\":\"WebSite\",\"@id\":\"https:\\\/\\\/www.079gin.com\\\/de\\\/#website\",\"url\":\"https:\\\/\\\/www.079gin.com\\\/de\\\/\",\"name\":\"079 Gin\",\"description\":\"\",\"publisher\":{\"@id\":\"https:\\\/\\\/www.079gin.com\\\/de\\\/#organization\"},\"potentialAction\":[{\"@type\":\"SearchAction\",\"target\":{\"@type\":\"EntryPoint\",\"urlTemplate\":\"https:\\\/\\\/www.079gin.com\\\/de\\\/?s={search_term_string}\"},\"query-input\":{\"@type\":\"PropertyValueSpecification\",\"valueRequired\":true,\"valueName\":\"search_term_string\"}}],\"inLanguage\":\"de\"},{\"@type\":\"Organization\",\"@id\":\"https:\\\/\\\/www.079gin.com\\\/de\\\/#organization\",\"name\":\"079 Gin\",\"url\":\"https:\\\/\\\/www.079gin.com\\\/de\\\/\",\"logo\":{\"@type\":\"ImageObject\",\"inLanguage\":\"de\",\"@id\":\"https:\\\/\\\/www.079gin.com\\\/de\\\/#\\\/schema\\\/logo\\\/image\\\/\",\"url\":\"https:\\\/\\\/www.079gin.com\\\/wp-content\\\/uploads\\\/2021\\\/09\\\/the079collection-logo.png\",\"contentUrl\":\"https:\\\/\\\/www.079gin.com\\\/wp-content\\\/uploads\\\/2021\\\/09\\\/the079collection-logo.png\",\"width\":565,\"height\":80,\"caption\":\"079 Gin\"},\"image\":{\"@id\":\"https:\\\/\\\/www.079gin.com\\\/de\\\/#\\\/schema\\\/logo\\\/image\\\/\"}}]}<\/script>\n<!-- \/ Yoast SEO plugin. -->","yoast_head_json":{"title":"Fitch & Leedes - Cheeky Cranberry, 6er Pack Dosen , 200ml - 079 Gin","robots":{"index":"index","follow":"follow","max-snippet":"max-snippet:-1","max-image-preview":"max-image-preview:large","max-video-preview":"max-video-preview:-1"},"canonical":"https:\/\/www.079gin.com\/de\/produkt\/fitch-leedes-cheeky-cranberry-6er-pack-dosen-200ml\/","og_locale":"de_DE","og_type":"article","og_title":"Fitch & Leedes - Cheeky Cranberry, 6er Pack Dosen , 200ml - 079 Gin","og_description":"Fitch &amp; Leedes Cheeky Cranberry mit dem Geschmack von Preiselbeeren und einer leicht Chili Note, verwandelt jedes alkohlische Getr\u00e4nk in einen sensorischen Genuss. Lassen Sie sich von saftigen Noten der Preiselbeeren verf\u00fchren, w\u00e4hrend ein k\u00fchner Hauch von Chili alle Sinne erweckt. Mit der beigabe von Koffein ist dieses Getr\u00e4nk auch ein Muntermacher. Es geht beim Trinken eines Cocktails nicht nur um guten Geschmack, sondern dass es allen Sinnen gefallen sollte um echte\u00a0 Cocktail-Liebhaber mit einem Fest f\u00fcr Auge, Nase und Gaumen zu verw\u00f6hnen.  Die Mixer von Fitch &amp; Leedes werden aus den feinsten Zutaten mit Sorgfalt und Aufmerksamkeit f\u00fcr Qualit\u00e4t handgefertigt.   Kohles\u00e4urehaltiges Chinin-Erfrischungsgetr\u00e4nk  Koffeinhaltiges Erfrischungsgetr\u00e4nk  Gro\u00dfartig als Erfrischungsgetr\u00e4nk oder als Zugabe f\u00fcr Ihren Vodka  Kapazit\u00e4t: 200 ml Zutaten: Kohlens\u00e4urehaltiges Wasser, Zucker, Zitronens\u00e4ure, Aroma (Preiselbeeren), Natriumbenzoat, Koffein","og_url":"https:\/\/www.079gin.com\/de\/produkt\/fitch-leedes-cheeky-cranberry-6er-pack-dosen-200ml\/","og_site_name":"079 Gin","article_modified_time":"2023-08-07T10:05:42+00:00","og_image":[{"width":1418,"height":1418,"url":"https:\/\/www.079gin.com\/wp-content\/uploads\/2023\/08\/SA-taste-Artboard-1-copy-4.jpg","type":"image\/jpeg"}],"twitter_card":"summary_large_image","schema":{"@context":"https:\/\/schema.org","@graph":[{"@type":"WebPage","@id":"https:\/\/www.079gin.com\/de\/produkt\/fitch-leedes-cheeky-cranberry-6er-pack-dosen-200ml\/","url":"https:\/\/www.079gin.com\/de\/produkt\/fitch-leedes-cheeky-cranberry-6er-pack-dosen-200ml\/","name":"Fitch & Leedes - Cheeky Cranberry, 6er Pack Dosen , 200ml - 079 Gin","isPartOf":{"@id":"https:\/\/www.079gin.com\/de\/#website"},"primaryImageOfPage":{"@id":"https:\/\/www.079gin.com\/de\/produkt\/fitch-leedes-cheeky-cranberry-6er-pack-dosen-200ml\/#primaryimage"},"image":{"@id":"https:\/\/www.079gin.com\/de\/produkt\/fitch-leedes-cheeky-cranberry-6er-pack-dosen-200ml\/#primaryimage"},"thumbnailUrl":"https:\/\/www.079gin.com\/wp-content\/uploads\/2023\/08\/SA-taste-Artboard-1-copy-4.jpg","datePublished":"2023-08-07T09:57:21+00:00","dateModified":"2023-08-07T10:05:42+00:00","breadcrumb":{"@id":"https:\/\/www.079gin.com\/de\/produkt\/fitch-leedes-cheeky-cranberry-6er-pack-dosen-200ml\/#breadcrumb"},"inLanguage":"de","potentialAction":[{"@type":"ReadAction","target":["https:\/\/www.079gin.com\/de\/produkt\/fitch-leedes-cheeky-cranberry-6er-pack-dosen-200ml\/"]}]},{"@type":"ImageObject","inLanguage":"de","@id":"https:\/\/www.079gin.com\/de\/produkt\/fitch-leedes-cheeky-cranberry-6er-pack-dosen-200ml\/#primaryimage","url":"https:\/\/www.079gin.com\/wp-content\/uploads\/2023\/08\/SA-taste-Artboard-1-copy-4.jpg","contentUrl":"https:\/\/www.079gin.com\/wp-content\/uploads\/2023\/08\/SA-taste-Artboard-1-copy-4.jpg","width":1418,"height":1418},{"@type":"BreadcrumbList","@id":"https:\/\/www.079gin.com\/de\/produkt\/fitch-leedes-cheeky-cranberry-6er-pack-dosen-200ml\/#breadcrumb","itemListElement":[{"@type":"ListItem","position":1,"name":"Home","item":"https:\/\/www.079gin.com\/de\/"},{"@type":"ListItem","position":2,"name":"Produkte","item":"https:\/\/www.079gin.com\/de\/shop\/"},{"@type":"ListItem","position":3,"name":"Fitch &#038; Leedes &#8211; Cheeky Cranberry, 6er Pack Dosen , 200ml"}]},{"@type":"WebSite","@id":"https:\/\/www.079gin.com\/de\/#website","url":"https:\/\/www.079gin.com\/de\/","name":"079 Gin","description":"","publisher":{"@id":"https:\/\/www.079gin.com\/de\/#organization"},"potentialAction":[{"@type":"SearchAction","target":{"@type":"EntryPoint","urlTemplate":"https:\/\/www.079gin.com\/de\/?s={search_term_string}"},"query-input":{"@type":"PropertyValueSpecification","valueRequired":true,"valueName":"search_term_string"}}],"inLanguage":"de"},{"@type":"Organization","@id":"https:\/\/www.079gin.com\/de\/#organization","name":"079 Gin","url":"https:\/\/www.079gin.com\/de\/","logo":{"@type":"ImageObject","inLanguage":"de","@id":"https:\/\/www.079gin.com\/de\/#\/schema\/logo\/image\/","url":"https:\/\/www.079gin.com\/wp-content\/uploads\/2021\/09\/the079collection-logo.png","contentUrl":"https:\/\/www.079gin.com\/wp-content\/uploads\/2021\/09\/the079collection-logo.png","width":565,"height":80,"caption":"079 Gin"},"image":{"@id":"https:\/\/www.079gin.com\/de\/#\/schema\/logo\/image\/"}}]}},"_links":{"self":[{"href":"https:\/\/www.079gin.com\/de\/wp-json\/wp\/v2\/product\/2496","targetHints":{"allow":["GET"]}}],"collection":[{"href":"https:\/\/www.079gin.com\/de\/wp-json\/wp\/v2\/product"}],"about":[{"href":"https:\/\/www.079gin.com\/de\/wp-json\/wp\/v2\/types\/product"}],"replies":[{"embeddable":true,"href":"https:\/\/www.079gin.com\/de\/wp-json\/wp\/v2\/comments?post=2496"}],"wp:featuredmedia":[{"embeddable":true,"href":"https:\/\/www.079gin.com\/de\/wp-json\/wp\/v2\/media\/2495"}],"wp:attachment":[{"href":"https:\/\/www.079gin.com\/de\/wp-json\/wp\/v2\/media?parent=2496"}],"wp:term":[{"taxonomy":"product_brand","embeddable":true,"href":"https:\/\/www.079gin.com\/de\/wp-json\/wp\/v2\/product_brand?post=2496"},{"taxonomy":"product_cat","embeddable":true,"href":"https:\/\/www.079gin.com\/de\/wp-json\/wp\/v2\/product_cat?post=2496"},{"taxonomy":"product_tag","embeddable":true,"href":"https:\/\/www.079gin.com\/de\/wp-json\/wp\/v2\/product_tag?post=2496"}],"curies":[{"name":"wp","href":"https:\/\/api.w.org\/{rel}","templated":true}]}}